{"id":5681,"date":"2025-01-18T18:44:55","date_gmt":"2025-01-18T18:44:55","guid":{"rendered":"https:\/\/staging.gajolivestock.com\/?post_type=product&#038;p=5681"},"modified":"2025-02-01T11:56:58","modified_gmt":"2025-02-01T11:56:58","slug":"sudanese-goat","status":"publish","type":"product","link":"https:\/\/staging.gajolivestock.com\/fr\/produit\/sudanese-goat\/","title":{"rendered":"Mouton soudanais"},"content":{"rendered":"<p>Sa viande est tr\u00e8s appr\u00e9ci\u00e9e pour sa tendret\u00e9 et sa riche saveur. Elev\u00e9e principalement pour sa viande, cette brebis est aussi occasionnellement utilis\u00e9e pour la production laiti\u00e8re. En raison de sa robustesse et de sa capacit\u00e9 d\u2019adaptation, la ch\u00e8vre soudanaise est un choix populaire parmi les agriculteurs vivant dans des environnements difficiles.<\/p>\n<p>&nbsp;<\/p>","protected":false},"excerpt":{"rendered":"<p>La femelle soudanaise est une race rustique adapt\u00e9e aux climats arides, appr\u00e9ci\u00e9e pour sa viande tendre et sa forte r\u00e9sistance aux maladies.<\/p>","protected":false},"featured_media":5682,"comment_status":"open","ping_status":"closed","template":"","meta":{"om_disable_all_campaigns":false,"pagelayer_contact_templates":[],"_pagelayer_content":""},"product_brand":[],"product_cat":[86],"product_tag":[114],"class_list":{"0":"post-5681","1":"product","2":"type-product","3":"status-publish","4":"has-post-thumbnail","6":"product_cat-sheep","7":"product_tag-sheep","9":"first","10":"instock","11":"shipping-taxable","12":"purchasable","13":"product-type-simple"},"jetpack_sharing_enabled":true,"_links":{"self":[{"href":"https:\/\/staging.gajolivestock.com\/fr\/wp-json\/wp\/v2\/product\/5681","targetHints":{"allow":["GET"]}}],"collection":[{"href":"https:\/\/staging.gajolivestock.com\/fr\/wp-json\/wp\/v2\/product"}],"about":[{"href":"https:\/\/staging.gajolivestock.com\/fr\/wp-json\/wp\/v2\/types\/product"}],"replies":[{"embeddable":true,"href":"https:\/\/staging.gajolivestock.com\/fr\/wp-json\/wp\/v2\/comments?post=5681"}],"wp:featuredmedia":[{"embeddable":true,"href":"https:\/\/staging.gajolivestock.com\/fr\/wp-json\/wp\/v2\/media\/5682"}],"wp:attachment":[{"href":"https:\/\/staging.gajolivestock.com\/fr\/wp-json\/wp\/v2\/media?parent=5681"}],"wp:term":[{"taxonomy":"product_brand","embeddable":true,"href":"https:\/\/staging.gajolivestock.com\/fr\/wp-json\/wp\/v2\/product_brand?post=5681"},{"taxonomy":"product_cat","embeddable":true,"href":"https:\/\/staging.gajolivestock.com\/fr\/wp-json\/wp\/v2\/product_cat?post=5681"},{"taxonomy":"product_tag","embeddable":true,"href":"https:\/\/staging.gajolivestock.com\/fr\/wp-json\/wp\/v2\/product_tag?post=5681"}],"curies":[{"name":"wp","href":"https:\/\/api.w.org\/{rel}","templated":true}]}}