{"id":5690,"date":"2025-01-19T08:50:33","date_gmt":"2025-01-19T08:50:33","guid":{"rendered":"https:\/\/staging.gajolivestock.com\/?post_type=product&#038;p=5690"},"modified":"2025-02-07T13:31:18","modified_gmt":"2025-02-07T13:31:18","slug":"5690","status":"publish","type":"product","link":"https:\/\/staging.gajolivestock.com\/fr\/produit\/5690\/","title":{"rendered":"Mouton tchadien"},"content":{"rendered":"<p>Son alimentation est principalement compos\u00e9e d'herbes locales, ce qui am\u00e9liore la qualit\u00e9 de sa viande. Cette race est tr\u00e8s appr\u00e9ci\u00e9e pour son rendement en viande et sa capacit\u00e9 \u00e0 prosp\u00e9rer dans des conditions difficiles.<\/p>\n<p>&nbsp;<\/p>","protected":false},"excerpt":{"rendered":"<p>Le mouton tchadien est une race rustique bien adapt\u00e9e au climat aride du Tchad. Appr\u00e9ci\u00e9 pour sa viande tendre et savoureuse, il est couramment \u00e9lev\u00e9 dans des syst\u00e8mes extensifs.<\/p>","protected":false},"featured_media":5687,"comment_status":"open","ping_status":"closed","template":"","meta":{"om_disable_all_campaigns":false,"pagelayer_contact_templates":[],"_pagelayer_content":""},"product_brand":[],"product_cat":[84,86],"product_tag":[115,114],"class_list":{"0":"post-5690","1":"product","2":"type-product","3":"status-publish","4":"has-post-thumbnail","6":"product_cat-cattle","7":"product_cat-sheep","8":"product_tag-cattle","9":"product_tag-sheep","11":"first","12":"instock","13":"shipping-taxable","14":"purchasable","15":"product-type-simple"},"jetpack_sharing_enabled":true,"_links":{"self":[{"href":"https:\/\/staging.gajolivestock.com\/fr\/wp-json\/wp\/v2\/product\/5690","targetHints":{"allow":["GET"]}}],"collection":[{"href":"https:\/\/staging.gajolivestock.com\/fr\/wp-json\/wp\/v2\/product"}],"about":[{"href":"https:\/\/staging.gajolivestock.com\/fr\/wp-json\/wp\/v2\/types\/product"}],"replies":[{"embeddable":true,"href":"https:\/\/staging.gajolivestock.com\/fr\/wp-json\/wp\/v2\/comments?post=5690"}],"wp:featuredmedia":[{"embeddable":true,"href":"https:\/\/staging.gajolivestock.com\/fr\/wp-json\/wp\/v2\/media\/5687"}],"wp:attachment":[{"href":"https:\/\/staging.gajolivestock.com\/fr\/wp-json\/wp\/v2\/media?parent=5690"}],"wp:term":[{"taxonomy":"product_brand","embeddable":true,"href":"https:\/\/staging.gajolivestock.com\/fr\/wp-json\/wp\/v2\/product_brand?post=5690"},{"taxonomy":"product_cat","embeddable":true,"href":"https:\/\/staging.gajolivestock.com\/fr\/wp-json\/wp\/v2\/product_cat?post=5690"},{"taxonomy":"product_tag","embeddable":true,"href":"https:\/\/staging.gajolivestock.com\/fr\/wp-json\/wp\/v2\/product_tag?post=5690"}],"curies":[{"name":"wp","href":"https:\/\/api.w.org\/{rel}","templated":true}]}}