{"id":5691,"date":"2025-01-19T09:10:21","date_gmt":"2025-01-19T09:10:21","guid":{"rendered":"https:\/\/staging.gajolivestock.com\/?post_type=product&#038;p=5691"},"modified":"2025-02-01T11:56:58","modified_gmt":"2025-02-01T11:56:58","slug":"ladoum","status":"publish","type":"product","link":"https:\/\/staging.gajolivestock.com\/fr\/produit\/ladoum\/","title":{"rendered":"Ladoum"},"content":{"rendered":"<p>il est principalement \u00e9lev\u00e9 pour sa valeur esth\u00e9tique et son statut social, mais il produit \u00e9galement une viande d\u00e9licieuse et de haute qualit\u00e9. Tr\u00e8s recherch\u00e9 lors des c\u00e9l\u00e9brations et c\u00e9r\u00e9monies religieuses, le Ladoum est un symbole de richesse et de r\u00e9ussite dans de nombreuses cultures ouest-africaines.<\/p>\n<p>&nbsp;<\/p>","protected":false},"excerpt":{"rendered":"<p>Le Ladoum est une race ovine d'origine sah\u00e9lienne, r\u00e9put\u00e9e pour sa grande taille, sa beaut\u00e9 et sa viande de qualit\u00e9. Il est souvent \u00e9voqu\u00e9 comme un symbole de statut social.<\/p>","protected":false},"featured_media":5692,"comment_status":"open","ping_status":"closed","template":"","meta":{"om_disable_all_campaigns":false,"pagelayer_contact_templates":[],"_pagelayer_content":""},"product_brand":[],"product_cat":[86],"product_tag":[114],"class_list":{"0":"post-5691","1":"product","2":"type-product","3":"status-publish","4":"has-post-thumbnail","6":"product_cat-sheep","7":"product_tag-sheep","9":"first","10":"instock","11":"shipping-taxable","12":"purchasable","13":"product-type-simple"},"jetpack_sharing_enabled":true,"_links":{"self":[{"href":"https:\/\/staging.gajolivestock.com\/fr\/wp-json\/wp\/v2\/product\/5691","targetHints":{"allow":["GET"]}}],"collection":[{"href":"https:\/\/staging.gajolivestock.com\/fr\/wp-json\/wp\/v2\/product"}],"about":[{"href":"https:\/\/staging.gajolivestock.com\/fr\/wp-json\/wp\/v2\/types\/product"}],"replies":[{"embeddable":true,"href":"https:\/\/staging.gajolivestock.com\/fr\/wp-json\/wp\/v2\/comments?post=5691"}],"wp:featuredmedia":[{"embeddable":true,"href":"https:\/\/staging.gajolivestock.com\/fr\/wp-json\/wp\/v2\/media\/5692"}],"wp:attachment":[{"href":"https:\/\/staging.gajolivestock.com\/fr\/wp-json\/wp\/v2\/media?parent=5691"}],"wp:term":[{"taxonomy":"product_brand","embeddable":true,"href":"https:\/\/staging.gajolivestock.com\/fr\/wp-json\/wp\/v2\/product_brand?post=5691"},{"taxonomy":"product_cat","embeddable":true,"href":"https:\/\/staging.gajolivestock.com\/fr\/wp-json\/wp\/v2\/product_cat?post=5691"},{"taxonomy":"product_tag","embeddable":true,"href":"https:\/\/staging.gajolivestock.com\/fr\/wp-json\/wp\/v2\/product_tag?post=5691"}],"curies":[{"name":"wp","href":"https:\/\/api.w.org\/{rel}","templated":true}]}}