{"id":5695,"date":"2025-01-19T10:16:41","date_gmt":"2025-01-19T10:16:41","guid":{"rendered":"https:\/\/staging.gajolivestock.com\/?post_type=product&#038;p=5695"},"modified":"2025-02-01T11:06:00","modified_gmt":"2025-02-01T11:06:00","slug":"red-fulani","status":"publish","type":"product","link":"https:\/\/staging.gajolivestock.com\/fr\/produit\/red-fulani\/","title":{"rendered":"Fulani rouge"},"content":{"rendered":"<p>Cette race se caract\u00e9rise par son pelage rouge uniforme, ses longues cornes en forme de lyre et son endurance remarquable. Utilis\u00e9 \u00e0 la fois pour la production de viande et de lait, il est \u00e9galement appr\u00e9ci\u00e9 comme animal de trait dans les zones rurales. Sa viande est maigre et riche en nutriments, ce qui en fait un choix populaire sur les march\u00e9s locaux.<\/p>\n<p>&nbsp;<\/p>","protected":false},"excerpt":{"rendered":"<p>Les bovins Red Fulani sont une race robuste connue pour sa r\u00e9silience aux climats chauds et son aptitude \u00e0 la production de viande et de lait.<\/p>","protected":false},"featured_media":5696,"comment_status":"open","ping_status":"closed","template":"","meta":{"om_disable_all_campaigns":false,"pagelayer_contact_templates":[],"_pagelayer_content":""},"product_brand":[],"product_cat":[89,84],"product_tag":[127,115],"class_list":{"0":"post-5695","1":"product","2":"type-product","3":"status-publish","4":"has-post-thumbnail","6":"product_cat-beef","7":"product_cat-cattle","8":"product_tag-beef","9":"product_tag-cattle","11":"first","12":"instock","13":"shipping-taxable","14":"purchasable","15":"product-type-simple"},"jetpack_sharing_enabled":true,"_links":{"self":[{"href":"https:\/\/staging.gajolivestock.com\/fr\/wp-json\/wp\/v2\/product\/5695","targetHints":{"allow":["GET"]}}],"collection":[{"href":"https:\/\/staging.gajolivestock.com\/fr\/wp-json\/wp\/v2\/product"}],"about":[{"href":"https:\/\/staging.gajolivestock.com\/fr\/wp-json\/wp\/v2\/types\/product"}],"replies":[{"embeddable":true,"href":"https:\/\/staging.gajolivestock.com\/fr\/wp-json\/wp\/v2\/comments?post=5695"}],"wp:featuredmedia":[{"embeddable":true,"href":"https:\/\/staging.gajolivestock.com\/fr\/wp-json\/wp\/v2\/media\/5696"}],"wp:attachment":[{"href":"https:\/\/staging.gajolivestock.com\/fr\/wp-json\/wp\/v2\/media?parent=5695"}],"wp:term":[{"taxonomy":"product_brand","embeddable":true,"href":"https:\/\/staging.gajolivestock.com\/fr\/wp-json\/wp\/v2\/product_brand?post=5695"},{"taxonomy":"product_cat","embeddable":true,"href":"https:\/\/staging.gajolivestock.com\/fr\/wp-json\/wp\/v2\/product_cat?post=5695"},{"taxonomy":"product_tag","embeddable":true,"href":"https:\/\/staging.gajolivestock.com\/fr\/wp-json\/wp\/v2\/product_tag?post=5695"}],"curies":[{"name":"wp","href":"https:\/\/api.w.org\/{rel}","templated":true}]}}