{"id":5698,"date":"2025-01-19T10:27:38","date_gmt":"2025-01-19T10:27:38","guid":{"rendered":"https:\/\/staging.gajolivestock.com\/?post_type=product&#038;p=5698"},"modified":"2025-02-07T09:49:24","modified_gmt":"2025-02-07T09:49:24","slug":"kouri","status":"publish","type":"product","link":"https:\/\/staging.gajolivestock.com\/fr\/produit\/kouri\/","title":{"rendered":"Kouri"},"content":{"rendered":"<p>Bien adapt\u00e9 aux environnements humides et mar\u00e9cageux, le Kouri est appr\u00e9ci\u00e9 pour sa r\u00e9silience et sa capacit\u00e9 \u00e0 produire du lait et de la viande de haute qualit\u00e9.<\/p>\n<p>&nbsp;<\/p>","protected":false},"excerpt":{"rendered":"<p>Le b\u00e9tail Kouri, originaire des rives du lac Tchad, est r\u00e9put\u00e9 pour ses cornes frappantes et son adaptabilit\u00e9 aux environnements mar\u00e9cageux.<\/p>","protected":false},"featured_media":6977,"comment_status":"open","ping_status":"closed","template":"","meta":{"nf_dc_page":"","om_disable_all_campaigns":false,"pagelayer_contact_templates":[],"_pagelayer_content":""},"product_brand":[],"product_cat":[89],"product_tag":[127],"class_list":{"0":"post-5698","1":"product","2":"type-product","3":"status-publish","4":"has-post-thumbnail","6":"product_cat-beef","7":"product_tag-beef","9":"first","10":"instock","11":"shipping-taxable","12":"purchasable","13":"product-type-simple"},"jetpack_sharing_enabled":true,"_links":{"self":[{"href":"https:\/\/staging.gajolivestock.com\/fr\/wp-json\/wp\/v2\/product\/5698","targetHints":{"allow":["GET"]}}],"collection":[{"href":"https:\/\/staging.gajolivestock.com\/fr\/wp-json\/wp\/v2\/product"}],"about":[{"href":"https:\/\/staging.gajolivestock.com\/fr\/wp-json\/wp\/v2\/types\/product"}],"replies":[{"embeddable":true,"href":"https:\/\/staging.gajolivestock.com\/fr\/wp-json\/wp\/v2\/comments?post=5698"}],"wp:featuredmedia":[{"embeddable":true,"href":"https:\/\/staging.gajolivestock.com\/fr\/wp-json\/wp\/v2\/media\/6977"}],"wp:attachment":[{"href":"https:\/\/staging.gajolivestock.com\/fr\/wp-json\/wp\/v2\/media?parent=5698"}],"wp:term":[{"taxonomy":"product_brand","embeddable":true,"href":"https:\/\/staging.gajolivestock.com\/fr\/wp-json\/wp\/v2\/product_brand?post=5698"},{"taxonomy":"product_cat","embeddable":true,"href":"https:\/\/staging.gajolivestock.com\/fr\/wp-json\/wp\/v2\/product_cat?post=5698"},{"taxonomy":"product_tag","embeddable":true,"href":"https:\/\/staging.gajolivestock.com\/fr\/wp-json\/wp\/v2\/product_tag?post=5698"}],"curies":[{"name":"wp","href":"https:\/\/api.w.org\/{rel}","templated":true}]}}