{"id":5703,"date":"2025-01-19T10:56:57","date_gmt":"2025-01-19T10:56:57","guid":{"rendered":"https:\/\/staging.gajolivestock.com\/?post_type=product&#038;p=5703"},"modified":"2025-02-01T11:04:57","modified_gmt":"2025-02-01T11:04:57","slug":"sanga","status":"publish","type":"product","link":"https:\/\/staging.gajolivestock.com\/fr\/produit\/sanga\/","title":{"rendered":"Sanga"},"content":{"rendered":"<p>Les bovins Sanga sont utilis\u00e9s \u00e0 la fois pour la production de viande et de lait. Leur endurance les rend \u00e9galement adapt\u00e9s comme animaux de trait pour l'agriculture. Les bovins Sanga sont de taille moyenne, avec souvent des cornes pro\u00e9minentes, et la couleur de leur pelage va du brun au noir.<\/p>\n<p>&nbsp;<\/p>","protected":false},"excerpt":{"rendered":"<p>Le bovin Sanga, croisement entre des races africaines locales et des bovins z\u00e9bus, est connu pour sa rusticit\u00e9, sa long\u00e9vit\u00e9 et son adaptabilit\u00e9 aux climats chauds.<\/p>","protected":false},"featured_media":6985,"comment_status":"open","ping_status":"closed","template":"","meta":{"om_disable_all_campaigns":false,"pagelayer_contact_templates":[],"_pagelayer_content":""},"product_brand":[],"product_cat":[89,84],"product_tag":[127,115],"class_list":{"0":"post-5703","1":"product","2":"type-product","3":"status-publish","4":"has-post-thumbnail","6":"product_cat-beef","7":"product_cat-cattle","8":"product_tag-beef","9":"product_tag-cattle","11":"first","12":"instock","13":"shipping-taxable","14":"purchasable","15":"product-type-simple"},"jetpack_sharing_enabled":true,"_links":{"self":[{"href":"https:\/\/staging.gajolivestock.com\/fr\/wp-json\/wp\/v2\/product\/5703","targetHints":{"allow":["GET"]}}],"collection":[{"href":"https:\/\/staging.gajolivestock.com\/fr\/wp-json\/wp\/v2\/product"}],"about":[{"href":"https:\/\/staging.gajolivestock.com\/fr\/wp-json\/wp\/v2\/types\/product"}],"replies":[{"embeddable":true,"href":"https:\/\/staging.gajolivestock.com\/fr\/wp-json\/wp\/v2\/comments?post=5703"}],"wp:featuredmedia":[{"embeddable":true,"href":"https:\/\/staging.gajolivestock.com\/fr\/wp-json\/wp\/v2\/media\/6985"}],"wp:attachment":[{"href":"https:\/\/staging.gajolivestock.com\/fr\/wp-json\/wp\/v2\/media?parent=5703"}],"wp:term":[{"taxonomy":"product_brand","embeddable":true,"href":"https:\/\/staging.gajolivestock.com\/fr\/wp-json\/wp\/v2\/product_brand?post=5703"},{"taxonomy":"product_cat","embeddable":true,"href":"https:\/\/staging.gajolivestock.com\/fr\/wp-json\/wp\/v2\/product_cat?post=5703"},{"taxonomy":"product_tag","embeddable":true,"href":"https:\/\/staging.gajolivestock.com\/fr\/wp-json\/wp\/v2\/product_tag?post=5703"}],"curies":[{"name":"wp","href":"https:\/\/api.w.org\/{rel}","templated":true}]}}