{"id":5713,"date":"2025-01-19T11:43:59","date_gmt":"2025-01-19T11:43:59","guid":{"rendered":"https:\/\/staging.gajolivestock.com\/?post_type=product&#038;p=5713"},"modified":"2025-02-01T11:04:36","modified_gmt":"2025-02-01T11:04:36","slug":"watusi","status":"publish","type":"product","link":"https:\/\/staging.gajolivestock.com\/fr\/produit\/watusi\/","title":{"rendered":"Watusi"},"content":{"rendered":"<p>il est riche en vitamines B, notamment en vitamine B12, essentielle \u00e0 la production de globules rouges et au bon fonctionnement nerveux. Il apporte \u00e9galement de la B6 et de la niacine (B3), qui jouent un r\u00f4le cl\u00e9 dans le m\u00e9tabolisme \u00e9nerg\u00e9tique.<\/p>\n<p>&nbsp;<\/p>","protected":false},"excerpt":{"rendered":"<p>Le Watusi est une race bovine originaire d'Afrique, connue pour ses cornes massives et sa capacit\u00e9 \u00e0 s'adapter aux conditions climatiques difficiles.<\/p>","protected":false},"featured_media":5714,"comment_status":"open","ping_status":"closed","template":"","meta":{"nf_dc_page":"","om_disable_all_campaigns":false,"pagelayer_contact_templates":[],"_pagelayer_content":""},"product_brand":[],"product_cat":[89],"product_tag":[127],"class_list":{"0":"post-5713","1":"product","2":"type-product","3":"status-publish","4":"has-post-thumbnail","6":"product_cat-beef","7":"product_tag-beef","9":"first","10":"instock","11":"shipping-taxable","12":"purchasable","13":"product-type-simple"},"jetpack_sharing_enabled":true,"_links":{"self":[{"href":"https:\/\/staging.gajolivestock.com\/fr\/wp-json\/wp\/v2\/product\/5713","targetHints":{"allow":["GET"]}}],"collection":[{"href":"https:\/\/staging.gajolivestock.com\/fr\/wp-json\/wp\/v2\/product"}],"about":[{"href":"https:\/\/staging.gajolivestock.com\/fr\/wp-json\/wp\/v2\/types\/product"}],"replies":[{"embeddable":true,"href":"https:\/\/staging.gajolivestock.com\/fr\/wp-json\/wp\/v2\/comments?post=5713"}],"wp:featuredmedia":[{"embeddable":true,"href":"https:\/\/staging.gajolivestock.com\/fr\/wp-json\/wp\/v2\/media\/5714"}],"wp:attachment":[{"href":"https:\/\/staging.gajolivestock.com\/fr\/wp-json\/wp\/v2\/media?parent=5713"}],"wp:term":[{"taxonomy":"product_brand","embeddable":true,"href":"https:\/\/staging.gajolivestock.com\/fr\/wp-json\/wp\/v2\/product_brand?post=5713"},{"taxonomy":"product_cat","embeddable":true,"href":"https:\/\/staging.gajolivestock.com\/fr\/wp-json\/wp\/v2\/product_cat?post=5713"},{"taxonomy":"product_tag","embeddable":true,"href":"https:\/\/staging.gajolivestock.com\/fr\/wp-json\/wp\/v2\/product_tag?post=5713"}],"curies":[{"name":"wp","href":"https:\/\/api.w.org\/{rel}","templated":true}]}}