{"id":5715,"date":"2025-01-19T14:00:28","date_gmt":"2025-01-19T14:00:28","guid":{"rendered":"https:\/\/staging.gajolivestock.com\/?post_type=product&#038;p=5715"},"modified":"2025-02-03T09:47:17","modified_gmt":"2025-02-03T09:47:17","slug":"dorper","status":"publish","type":"product","link":"https:\/\/staging.gajolivestock.com\/fr\/produit\/dorper\/","title":{"rendered":"Dorper"},"content":{"rendered":"<p>La viande Dorper est r\u00e9put\u00e9e pour sa haute qualit\u00e9 nutritionnelle. Il est riche en prot\u00e9ines compl\u00e8tes, contenant des acides amin\u00e9s essentiels n\u00e9cessaires au d\u00e9veloppement musculaire et \u00e0 la r\u00e9paration des tissus. C'est \u00e9galement une excellente source de fer h\u00e9mique, qui est facilement absorb\u00e9 par l'organisme, favorisant la production de globules rouges.<\/p>\n<p>&nbsp;<\/p>","protected":false},"excerpt":{"rendered":"<p>Le Dorper est une race ovine robuste et polyvalente connue pour sa croissance rapide, sa viande savoureuse et son adaptabilit\u00e9 \u00e0 divers climats, y compris les r\u00e9gions arides.<\/p>","protected":false},"featured_media":5717,"comment_status":"open","ping_status":"closed","template":"","meta":{"nf_dc_page":"","om_disable_all_campaigns":false,"pagelayer_contact_templates":[],"_pagelayer_content":""},"product_brand":[],"product_cat":[86],"product_tag":[114],"class_list":{"0":"post-5715","1":"product","2":"type-product","3":"status-publish","4":"has-post-thumbnail","6":"product_cat-sheep","7":"product_tag-sheep","9":"first","10":"instock","11":"shipping-taxable","12":"purchasable","13":"product-type-simple"},"jetpack_sharing_enabled":true,"_links":{"self":[{"href":"https:\/\/staging.gajolivestock.com\/fr\/wp-json\/wp\/v2\/product\/5715","targetHints":{"allow":["GET"]}}],"collection":[{"href":"https:\/\/staging.gajolivestock.com\/fr\/wp-json\/wp\/v2\/product"}],"about":[{"href":"https:\/\/staging.gajolivestock.com\/fr\/wp-json\/wp\/v2\/types\/product"}],"replies":[{"embeddable":true,"href":"https:\/\/staging.gajolivestock.com\/fr\/wp-json\/wp\/v2\/comments?post=5715"}],"wp:featuredmedia":[{"embeddable":true,"href":"https:\/\/staging.gajolivestock.com\/fr\/wp-json\/wp\/v2\/media\/5717"}],"wp:attachment":[{"href":"https:\/\/staging.gajolivestock.com\/fr\/wp-json\/wp\/v2\/media?parent=5715"}],"wp:term":[{"taxonomy":"product_brand","embeddable":true,"href":"https:\/\/staging.gajolivestock.com\/fr\/wp-json\/wp\/v2\/product_brand?post=5715"},{"taxonomy":"product_cat","embeddable":true,"href":"https:\/\/staging.gajolivestock.com\/fr\/wp-json\/wp\/v2\/product_cat?post=5715"},{"taxonomy":"product_tag","embeddable":true,"href":"https:\/\/staging.gajolivestock.com\/fr\/wp-json\/wp\/v2\/product_tag?post=5715"}],"curies":[{"name":"wp","href":"https:\/\/api.w.org\/{rel}","templated":true}]}}