{"id":5718,"date":"2025-01-19T14:24:08","date_gmt":"2025-01-19T14:24:08","guid":{"rendered":"https:\/\/staging.gajolivestock.com\/?post_type=product&#038;p=5718"},"modified":"2025-02-03T09:43:11","modified_gmt":"2025-02-03T09:43:11","slug":"azawakh","status":"publish","type":"product","link":"https:\/\/staging.gajolivestock.com\/fr\/produit\/azawakh\/","title":{"rendered":"Azawakh"},"content":{"rendered":"<p>Cette race est \u00e9galement connue pour offrir une haute valeur nutritionnelle gr\u00e2ce \u00e0 sa viande, qui contient du fer, du zinc et des vitamines B essentiels. Gr\u00e2ce \u00e0 sa faible teneur en mati\u00e8res grasses, il est appr\u00e9ci\u00e9 pour son go\u00fbt d\u00e9licat et ses bienfaits pour la sant\u00e9.<\/p>\n<p>&nbsp;<\/p>","protected":false},"excerpt":{"rendered":"<p>L\u2019Azawakh est une race bovine sah\u00e9lienne r\u00e9siliente, appr\u00e9ci\u00e9e pour sa viande maigre et nutritive et son adaptabilit\u00e9 aux environnements arides.<\/p>","protected":false},"featured_media":5719,"comment_status":"open","ping_status":"closed","template":"","meta":{"nf_dc_page":"","om_disable_all_campaigns":false,"pagelayer_contact_templates":[],"_pagelayer_content":""},"product_brand":[],"product_cat":[84,86],"product_tag":[115,114],"class_list":{"0":"post-5718","1":"product","2":"type-product","3":"status-publish","4":"has-post-thumbnail","6":"product_cat-cattle","7":"product_cat-sheep","8":"product_tag-cattle","9":"product_tag-sheep","11":"first","12":"instock","13":"shipping-taxable","14":"purchasable","15":"product-type-simple"},"jetpack_sharing_enabled":true,"_links":{"self":[{"href":"https:\/\/staging.gajolivestock.com\/fr\/wp-json\/wp\/v2\/product\/5718","targetHints":{"allow":["GET"]}}],"collection":[{"href":"https:\/\/staging.gajolivestock.com\/fr\/wp-json\/wp\/v2\/product"}],"about":[{"href":"https:\/\/staging.gajolivestock.com\/fr\/wp-json\/wp\/v2\/types\/product"}],"replies":[{"embeddable":true,"href":"https:\/\/staging.gajolivestock.com\/fr\/wp-json\/wp\/v2\/comments?post=5718"}],"wp:featuredmedia":[{"embeddable":true,"href":"https:\/\/staging.gajolivestock.com\/fr\/wp-json\/wp\/v2\/media\/5719"}],"wp:attachment":[{"href":"https:\/\/staging.gajolivestock.com\/fr\/wp-json\/wp\/v2\/media?parent=5718"}],"wp:term":[{"taxonomy":"product_brand","embeddable":true,"href":"https:\/\/staging.gajolivestock.com\/fr\/wp-json\/wp\/v2\/product_brand?post=5718"},{"taxonomy":"product_cat","embeddable":true,"href":"https:\/\/staging.gajolivestock.com\/fr\/wp-json\/wp\/v2\/product_cat?post=5718"},{"taxonomy":"product_tag","embeddable":true,"href":"https:\/\/staging.gajolivestock.com\/fr\/wp-json\/wp\/v2\/product_tag?post=5718"}],"curies":[{"name":"wp","href":"https:\/\/api.w.org\/{rel}","templated":true}]}}