{"id":5722,"date":"2025-01-19T15:43:06","date_gmt":"2025-01-19T15:43:06","guid":{"rendered":"https:\/\/staging.gajolivestock.com\/?post_type=product&#038;p=5722"},"modified":"2025-02-01T11:04:19","modified_gmt":"2025-02-01T11:04:19","slug":"longhorns","status":"publish","type":"product","link":"https:\/\/staging.gajolivestock.com\/fr\/produit\/longhorns\/","title":{"rendered":"Longhorns"},"content":{"rendered":"<p>Le b\u0153uf Longhorn est riche en prot\u00e9ines et faible en gras, ce qui en fait un excellent choix pour les r\u00e9gimes faibles en calories et en cholest\u00e9rol. Il contient \u00e9galement des vitamines B, du zinc et du fer, essentiels au m\u00e9tabolisme \u00e9nerg\u00e9tique et \u00e0 la sant\u00e9 du sang.<\/p>\n<p>&nbsp;<\/p>","protected":false},"excerpt":{"rendered":"<p>Les Longhorns sont des bovins robustes connus pour leur viande maigre et savoureuse. Leur faible teneur en mati\u00e8res grasses en fait une option nutritive et saine pour une alimentation \u00e9quilibr\u00e9e.<\/p>\n<p>&nbsp;<\/p>","protected":false},"featured_media":5723,"comment_status":"open","ping_status":"closed","template":"","meta":{"om_disable_all_campaigns":false,"pagelayer_contact_templates":[],"_pagelayer_content":""},"product_brand":[],"product_cat":[89],"product_tag":[127],"class_list":{"0":"post-5722","1":"product","2":"type-product","3":"status-publish","4":"has-post-thumbnail","6":"product_cat-beef","7":"product_tag-beef","9":"first","10":"instock","11":"shipping-taxable","12":"purchasable","13":"product-type-simple"},"jetpack_sharing_enabled":true,"_links":{"self":[{"href":"https:\/\/staging.gajolivestock.com\/fr\/wp-json\/wp\/v2\/product\/5722","targetHints":{"allow":["GET"]}}],"collection":[{"href":"https:\/\/staging.gajolivestock.com\/fr\/wp-json\/wp\/v2\/product"}],"about":[{"href":"https:\/\/staging.gajolivestock.com\/fr\/wp-json\/wp\/v2\/types\/product"}],"replies":[{"embeddable":true,"href":"https:\/\/staging.gajolivestock.com\/fr\/wp-json\/wp\/v2\/comments?post=5722"}],"wp:featuredmedia":[{"embeddable":true,"href":"https:\/\/staging.gajolivestock.com\/fr\/wp-json\/wp\/v2\/media\/5723"}],"wp:attachment":[{"href":"https:\/\/staging.gajolivestock.com\/fr\/wp-json\/wp\/v2\/media?parent=5722"}],"wp:term":[{"taxonomy":"product_brand","embeddable":true,"href":"https:\/\/staging.gajolivestock.com\/fr\/wp-json\/wp\/v2\/product_brand?post=5722"},{"taxonomy":"product_cat","embeddable":true,"href":"https:\/\/staging.gajolivestock.com\/fr\/wp-json\/wp\/v2\/product_cat?post=5722"},{"taxonomy":"product_tag","embeddable":true,"href":"https:\/\/staging.gajolivestock.com\/fr\/wp-json\/wp\/v2\/product_tag?post=5722"}],"curies":[{"name":"wp","href":"https:\/\/api.w.org\/{rel}","templated":true}]}}