{"id":5724,"date":"2025-01-19T15:50:28","date_gmt":"2025-01-19T15:50:28","guid":{"rendered":"https:\/\/staging.gajolivestock.com\/?post_type=product&#038;p=5724"},"modified":"2025-02-01T11:03:54","modified_gmt":"2025-02-01T11:03:54","slug":"ankole-watusi","status":"publish","type":"product","link":"https:\/\/staging.gajolivestock.com\/fr\/produit\/ankole-watusi\/","title":{"rendered":"Ankole watusi"},"content":{"rendered":"<p>La viande Ankole-Watusi est faible en gras et riche en prot\u00e9ines, ce qui en fait une source id\u00e9ale pour une alimentation saine. Il contient \u00e9galement des acides gras essentiels, du zinc, du fer et des vitamines B, qui soutiennent l\u2019\u00e9nergie, la sant\u00e9 musculaire et la fonction immunitaire.<\/p>\n<p>&nbsp;<\/p>","protected":false},"excerpt":{"rendered":"<p>L'Ankole-Watusi, connu sous le nom de \u00ab bovin royal \u00bb, est c\u00e9l\u00e8bre pour ses grandes cornes majestueuses et sa viande maigre et riche en nutriments. Cette race est tr\u00e8s appr\u00e9ci\u00e9e pour sa r\u00e9silience et son \u00e9l\u00e9gance.<\/p>\n<p>&nbsp;<\/p>","protected":false},"featured_media":5725,"comment_status":"open","ping_status":"closed","template":"","meta":{"nf_dc_page":"","om_disable_all_campaigns":false,"pagelayer_contact_templates":[],"_pagelayer_content":""},"product_brand":[],"product_cat":[89],"product_tag":[127],"class_list":{"0":"post-5724","1":"product","2":"type-product","3":"status-publish","4":"has-post-thumbnail","6":"product_cat-beef","7":"product_tag-beef","9":"first","10":"instock","11":"shipping-taxable","12":"purchasable","13":"product-type-simple"},"jetpack_sharing_enabled":true,"_links":{"self":[{"href":"https:\/\/staging.gajolivestock.com\/fr\/wp-json\/wp\/v2\/product\/5724","targetHints":{"allow":["GET"]}}],"collection":[{"href":"https:\/\/staging.gajolivestock.com\/fr\/wp-json\/wp\/v2\/product"}],"about":[{"href":"https:\/\/staging.gajolivestock.com\/fr\/wp-json\/wp\/v2\/types\/product"}],"replies":[{"embeddable":true,"href":"https:\/\/staging.gajolivestock.com\/fr\/wp-json\/wp\/v2\/comments?post=5724"}],"wp:featuredmedia":[{"embeddable":true,"href":"https:\/\/staging.gajolivestock.com\/fr\/wp-json\/wp\/v2\/media\/5725"}],"wp:attachment":[{"href":"https:\/\/staging.gajolivestock.com\/fr\/wp-json\/wp\/v2\/media?parent=5724"}],"wp:term":[{"taxonomy":"product_brand","embeddable":true,"href":"https:\/\/staging.gajolivestock.com\/fr\/wp-json\/wp\/v2\/product_brand?post=5724"},{"taxonomy":"product_cat","embeddable":true,"href":"https:\/\/staging.gajolivestock.com\/fr\/wp-json\/wp\/v2\/product_cat?post=5724"},{"taxonomy":"product_tag","embeddable":true,"href":"https:\/\/staging.gajolivestock.com\/fr\/wp-json\/wp\/v2\/product_tag?post=5724"}],"curies":[{"name":"wp","href":"https:\/\/api.w.org\/{rel}","templated":true}]}}