{"id":5728,"date":"2025-01-19T16:14:00","date_gmt":"2025-01-19T16:14:00","guid":{"rendered":"https:\/\/staging.gajolivestock.com\/?post_type=product&#038;p=5728"},"modified":"2025-02-01T11:03:24","modified_gmt":"2025-02-01T11:03:24","slug":"local-cattle","status":"publish","type":"product","link":"https:\/\/staging.gajolivestock.com\/fr\/produit\/local-cattle\/","title":{"rendered":"B\u0153uf local"},"content":{"rendered":"<p>La viande de b\u00e9tail locale est une excellente source de prot\u00e9ines maigres, riche en fer, en zinc et en vitamines B, en particulier la B12, essentielles au bon fonctionnement nerveux. Il est \u00e9galement faible en graisses satur\u00e9es, ce qui le rend id\u00e9al pour une alimentation saine.<\/p>\n<p>&nbsp;<\/p>","protected":false},"excerpt":{"rendered":"<p>Le b\u00e9tail local, g\u00e9n\u00e9ralement \u00e9lev\u00e9 dans des conditions naturelles, produit une viande savoureuse et nutritive, connue pour sa tendret\u00e9 et ses saveurs uniques. Ce type de viande est souvent plus maigre et appr\u00e9ci\u00e9 pour sa grande qualit\u00e9.<\/p>\n<p>&nbsp;<\/p>","protected":false},"featured_media":5730,"comment_status":"open","ping_status":"closed","template":"","meta":{"nf_dc_page":"","om_disable_all_campaigns":false,"pagelayer_contact_templates":[],"_pagelayer_content":""},"product_brand":[],"product_cat":[89],"product_tag":[127],"class_list":{"0":"post-5728","1":"product","2":"type-product","3":"status-publish","4":"has-post-thumbnail","6":"product_cat-beef","7":"product_tag-beef","9":"first","10":"instock","11":"shipping-taxable","12":"purchasable","13":"product-type-simple"},"jetpack_sharing_enabled":true,"_links":{"self":[{"href":"https:\/\/staging.gajolivestock.com\/fr\/wp-json\/wp\/v2\/product\/5728","targetHints":{"allow":["GET"]}}],"collection":[{"href":"https:\/\/staging.gajolivestock.com\/fr\/wp-json\/wp\/v2\/product"}],"about":[{"href":"https:\/\/staging.gajolivestock.com\/fr\/wp-json\/wp\/v2\/types\/product"}],"replies":[{"embeddable":true,"href":"https:\/\/staging.gajolivestock.com\/fr\/wp-json\/wp\/v2\/comments?post=5728"}],"wp:featuredmedia":[{"embeddable":true,"href":"https:\/\/staging.gajolivestock.com\/fr\/wp-json\/wp\/v2\/media\/5730"}],"wp:attachment":[{"href":"https:\/\/staging.gajolivestock.com\/fr\/wp-json\/wp\/v2\/media?parent=5728"}],"wp:term":[{"taxonomy":"product_brand","embeddable":true,"href":"https:\/\/staging.gajolivestock.com\/fr\/wp-json\/wp\/v2\/product_brand?post=5728"},{"taxonomy":"product_cat","embeddable":true,"href":"https:\/\/staging.gajolivestock.com\/fr\/wp-json\/wp\/v2\/product_cat?post=5728"},{"taxonomy":"product_tag","embeddable":true,"href":"https:\/\/staging.gajolivestock.com\/fr\/wp-json\/wp\/v2\/product_tag?post=5728"}],"curies":[{"name":"wp","href":"https:\/\/api.w.org\/{rel}","templated":true}]}}