{"id":5737,"date":"2025-01-19T16:36:31","date_gmt":"2025-01-19T16:36:31","guid":{"rendered":"https:\/\/staging.gajolivestock.com\/?post_type=product&#038;p=5737"},"modified":"2025-02-01T11:12:09","modified_gmt":"2025-02-01T11:12:09","slug":"local-brahma","status":"publish","type":"product","link":"https:\/\/staging.gajolivestock.com\/fr\/produit\/local-brahma\/","title":{"rendered":"Brahma local"},"content":{"rendered":"<p>La viande du poulet Brahma local est une excellente source de prot\u00e9ines de haute qualit\u00e9, tout en \u00e9tant faible en graisses satur\u00e9es. Il est riche en vitamines B, notamment B12, et en min\u00e9raux comme le fer et le zinc. Cela en fait un choix nutritionnel id\u00e9al pour les repas en famille.<\/p>\n<p>&nbsp;<\/p>","protected":false},"excerpt":{"rendered":"<p>Le poulet Brahma local est une race rustique bien adapt\u00e9e aux climats chauds. Il est appr\u00e9ci\u00e9 pour sa viande tendre et savoureuse, ainsi que pour ses gros \u0153ufs. Sa viande est particuli\u00e8rement appr\u00e9ci\u00e9e pour sa texture agr\u00e9able et son go\u00fbt d\u00e9licat.<\/p>\n<p>&nbsp;<\/p>","protected":false},"featured_media":5738,"comment_status":"open","ping_status":"closed","template":"","meta":{"om_disable_all_campaigns":false,"pagelayer_contact_templates":[],"_pagelayer_content":""},"product_brand":[],"product_cat":[84,83],"product_tag":[115,110],"class_list":{"0":"post-5737","1":"product","2":"type-product","3":"status-publish","4":"has-post-thumbnail","6":"product_cat-cattle","7":"product_cat-chicken","8":"product_tag-cattle","9":"product_tag-chicken","11":"first","12":"instock","13":"shipping-taxable","14":"purchasable","15":"product-type-simple"},"jetpack_sharing_enabled":true,"_links":{"self":[{"href":"https:\/\/staging.gajolivestock.com\/fr\/wp-json\/wp\/v2\/product\/5737","targetHints":{"allow":["GET"]}}],"collection":[{"href":"https:\/\/staging.gajolivestock.com\/fr\/wp-json\/wp\/v2\/product"}],"about":[{"href":"https:\/\/staging.gajolivestock.com\/fr\/wp-json\/wp\/v2\/types\/product"}],"replies":[{"embeddable":true,"href":"https:\/\/staging.gajolivestock.com\/fr\/wp-json\/wp\/v2\/comments?post=5737"}],"wp:featuredmedia":[{"embeddable":true,"href":"https:\/\/staging.gajolivestock.com\/fr\/wp-json\/wp\/v2\/media\/5738"}],"wp:attachment":[{"href":"https:\/\/staging.gajolivestock.com\/fr\/wp-json\/wp\/v2\/media?parent=5737"}],"wp:term":[{"taxonomy":"product_brand","embeddable":true,"href":"https:\/\/staging.gajolivestock.com\/fr\/wp-json\/wp\/v2\/product_brand?post=5737"},{"taxonomy":"product_cat","embeddable":true,"href":"https:\/\/staging.gajolivestock.com\/fr\/wp-json\/wp\/v2\/product_cat?post=5737"},{"taxonomy":"product_tag","embeddable":true,"href":"https:\/\/staging.gajolivestock.com\/fr\/wp-json\/wp\/v2\/product_tag?post=5737"}],"curies":[{"name":"wp","href":"https:\/\/api.w.org\/{rel}","templated":true}]}}