{"id":5740,"date":"2025-01-19T16:49:09","date_gmt":"2025-01-19T16:49:09","guid":{"rendered":"https:\/\/staging.gajolivestock.com\/?post_type=product&#038;p=5740"},"modified":"2025-02-01T11:36:56","modified_gmt":"2025-02-01T11:36:56","slug":"goose","status":"publish","type":"product","link":"https:\/\/staging.gajolivestock.com\/fr\/produit\/goose\/","title":{"rendered":"Oie"},"content":{"rendered":"<p>La viande d'oie est une source de prot\u00e9ines de haute qualit\u00e9 avec une teneur mod\u00e9r\u00e9e en mati\u00e8res grasses, fournissant des acides gras insatur\u00e9s b\u00e9n\u00e9fiques. Il est riche en vitamines B, notamment B6 et B12, ainsi qu\u2019en min\u00e9raux comme le fer, le zinc et le phosphore. Les \u0153ufs d\u2019oie sont \u00e9galement tr\u00e8s nutritifs et offrent de grandes quantit\u00e9s de prot\u00e9ines et de vitamines essentielles.<\/p>\n<p>&nbsp;<\/p>","protected":false},"excerpt":{"rendered":"<p>L'oie est une volaille robuste connue pour sa viande succulente et ses \u0153ufs riches en nutriments. Il est souvent \u00e9lev\u00e9 pour son adaptabilit\u00e9 \u00e0 diff\u00e9rents climats et qualit\u00e9s culinaires.<\/p>\n<p>&nbsp;<\/p>","protected":false},"featured_media":5741,"comment_status":"open","ping_status":"closed","template":"","meta":{"nf_dc_page":"","om_disable_all_campaigns":false,"pagelayer_contact_templates":[],"_pagelayer_content":""},"product_brand":[],"product_cat":[84,48],"product_tag":[115,113],"class_list":{"0":"post-5740","1":"product","2":"type-product","3":"status-publish","4":"has-post-thumbnail","6":"product_cat-cattle","7":"product_cat-meat-poultry","8":"product_tag-cattle","9":"product_tag-meat-poultry","11":"first","12":"instock","13":"shipping-taxable","14":"purchasable","15":"product-type-simple"},"jetpack_sharing_enabled":true,"_links":{"self":[{"href":"https:\/\/staging.gajolivestock.com\/fr\/wp-json\/wp\/v2\/product\/5740","targetHints":{"allow":["GET"]}}],"collection":[{"href":"https:\/\/staging.gajolivestock.com\/fr\/wp-json\/wp\/v2\/product"}],"about":[{"href":"https:\/\/staging.gajolivestock.com\/fr\/wp-json\/wp\/v2\/types\/product"}],"replies":[{"embeddable":true,"href":"https:\/\/staging.gajolivestock.com\/fr\/wp-json\/wp\/v2\/comments?post=5740"}],"wp:featuredmedia":[{"embeddable":true,"href":"https:\/\/staging.gajolivestock.com\/fr\/wp-json\/wp\/v2\/media\/5741"}],"wp:attachment":[{"href":"https:\/\/staging.gajolivestock.com\/fr\/wp-json\/wp\/v2\/media?parent=5740"}],"wp:term":[{"taxonomy":"product_brand","embeddable":true,"href":"https:\/\/staging.gajolivestock.com\/fr\/wp-json\/wp\/v2\/product_brand?post=5740"},{"taxonomy":"product_cat","embeddable":true,"href":"https:\/\/staging.gajolivestock.com\/fr\/wp-json\/wp\/v2\/product_cat?post=5740"},{"taxonomy":"product_tag","embeddable":true,"href":"https:\/\/staging.gajolivestock.com\/fr\/wp-json\/wp\/v2\/product_tag?post=5740"}],"curies":[{"name":"wp","href":"https:\/\/api.w.org\/{rel}","templated":true}]}}