{"id":5743,"date":"2025-01-19T16:57:14","date_gmt":"2025-01-19T16:57:14","guid":{"rendered":"https:\/\/staging.gajolivestock.com\/?post_type=product&#038;p=5743"},"modified":"2025-02-01T11:36:45","modified_gmt":"2025-02-01T11:36:45","slug":"duck","status":"publish","type":"product","link":"https:\/\/staging.gajolivestock.com\/fr\/produit\/duck\/","title":{"rendered":"Canard"},"content":{"rendered":"<p>Le canard est une volaille connue pour sa viande tendre et savoureuse. Il fournit des prot\u00e9ines de haute qualit\u00e9 et des graisses insatur\u00e9es b\u00e9n\u00e9fiques, ainsi que des niveaux \u00e9lev\u00e9s de fer et de vitamines B. Cet oiseau est tr\u00e8s appr\u00e9ci\u00e9 en gastronomie et se pr\u00eate \u00e0 diverses pr\u00e9parations culinaires, des confits aux magrets de canard.<\/p>","protected":false},"excerpt":{"rendered":"<p>Le canard est une volaille pris\u00e9e pour sa viande savoureuse et sa richesse nutritionnelle, parfaite pour les repas gastronomiques.<\/p>","protected":false},"featured_media":5745,"comment_status":"open","ping_status":"closed","template":"","meta":{"om_disable_all_campaigns":false,"pagelayer_contact_templates":[],"_pagelayer_content":""},"product_brand":[],"product_cat":[48],"product_tag":[113],"class_list":{"0":"post-5743","1":"product","2":"type-product","3":"status-publish","4":"has-post-thumbnail","6":"product_cat-meat-poultry","7":"product_tag-meat-poultry","9":"first","10":"instock","11":"shipping-taxable","12":"purchasable","13":"product-type-simple"},"jetpack_sharing_enabled":true,"_links":{"self":[{"href":"https:\/\/staging.gajolivestock.com\/fr\/wp-json\/wp\/v2\/product\/5743","targetHints":{"allow":["GET"]}}],"collection":[{"href":"https:\/\/staging.gajolivestock.com\/fr\/wp-json\/wp\/v2\/product"}],"about":[{"href":"https:\/\/staging.gajolivestock.com\/fr\/wp-json\/wp\/v2\/types\/product"}],"replies":[{"embeddable":true,"href":"https:\/\/staging.gajolivestock.com\/fr\/wp-json\/wp\/v2\/comments?post=5743"}],"wp:featuredmedia":[{"embeddable":true,"href":"https:\/\/staging.gajolivestock.com\/fr\/wp-json\/wp\/v2\/media\/5745"}],"wp:attachment":[{"href":"https:\/\/staging.gajolivestock.com\/fr\/wp-json\/wp\/v2\/media?parent=5743"}],"wp:term":[{"taxonomy":"product_brand","embeddable":true,"href":"https:\/\/staging.gajolivestock.com\/fr\/wp-json\/wp\/v2\/product_brand?post=5743"},{"taxonomy":"product_cat","embeddable":true,"href":"https:\/\/staging.gajolivestock.com\/fr\/wp-json\/wp\/v2\/product_cat?post=5743"},{"taxonomy":"product_tag","embeddable":true,"href":"https:\/\/staging.gajolivestock.com\/fr\/wp-json\/wp\/v2\/product_tag?post=5743"}],"curies":[{"name":"wp","href":"https:\/\/api.w.org\/{rel}","templated":true}]}}