{"id":5749,"date":"2025-01-19T17:07:17","date_gmt":"2025-01-19T17:07:17","guid":{"rendered":"https:\/\/staging.gajolivestock.com\/?post_type=product&#038;p=5749"},"modified":"2025-02-03T08:58:24","modified_gmt":"2025-02-03T08:58:24","slug":"village-chicken","status":"publish","type":"product","link":"https:\/\/staging.gajolivestock.com\/fr\/produit\/village-chicken\/","title":{"rendered":"poulet du village"},"content":{"rendered":"<p>On y produit une viande au go\u00fbt authentique, tr\u00e8s appr\u00e9ci\u00e9e dans la cuisine traditionnelle. En plus de sa viande, il pond des \u0153ufs riches en nutriments, id\u00e9aux pour une consommation r\u00e9guli\u00e8re. Facile \u00e0 \u00e9lever, il se nourrit souvent de restes de nourriture ou de c\u00e9r\u00e9ales disponibles localement, ce qui en fait une option \u00e9conomique pour les familles rurales.<\/p>\n<p>&nbsp;<\/p>","protected":false},"excerpt":{"rendered":"<p>Le poulet du village est une race de volaille locale rustique, produisant une viande savoureuse et des \u0153ufs nutritifs, parfaits pour l'agriculture familiale.<\/p>","protected":false},"featured_media":5748,"comment_status":"open","ping_status":"closed","template":"","meta":{"nf_dc_page":"","om_disable_all_campaigns":false,"pagelayer_contact_templates":[],"_pagelayer_content":""},"product_brand":[],"product_cat":[83],"product_tag":[110],"class_list":{"0":"post-5749","1":"product","2":"type-product","3":"status-publish","4":"has-post-thumbnail","6":"product_cat-chicken","7":"product_tag-chicken","9":"first","10":"instock","11":"shipping-taxable","12":"purchasable","13":"product-type-simple"},"jetpack_sharing_enabled":true,"_links":{"self":[{"href":"https:\/\/staging.gajolivestock.com\/fr\/wp-json\/wp\/v2\/product\/5749","targetHints":{"allow":["GET"]}}],"collection":[{"href":"https:\/\/staging.gajolivestock.com\/fr\/wp-json\/wp\/v2\/product"}],"about":[{"href":"https:\/\/staging.gajolivestock.com\/fr\/wp-json\/wp\/v2\/types\/product"}],"replies":[{"embeddable":true,"href":"https:\/\/staging.gajolivestock.com\/fr\/wp-json\/wp\/v2\/comments?post=5749"}],"wp:featuredmedia":[{"embeddable":true,"href":"https:\/\/staging.gajolivestock.com\/fr\/wp-json\/wp\/v2\/media\/5748"}],"wp:attachment":[{"href":"https:\/\/staging.gajolivestock.com\/fr\/wp-json\/wp\/v2\/media?parent=5749"}],"wp:term":[{"taxonomy":"product_brand","embeddable":true,"href":"https:\/\/staging.gajolivestock.com\/fr\/wp-json\/wp\/v2\/product_brand?post=5749"},{"taxonomy":"product_cat","embeddable":true,"href":"https:\/\/staging.gajolivestock.com\/fr\/wp-json\/wp\/v2\/product_cat?post=5749"},{"taxonomy":"product_tag","embeddable":true,"href":"https:\/\/staging.gajolivestock.com\/fr\/wp-json\/wp\/v2\/product_tag?post=5749"}],"curies":[{"name":"wp","href":"https:\/\/api.w.org\/{rel}","templated":true}]}}