{"id":5750,"date":"2025-01-19T17:27:24","date_gmt":"2025-01-19T17:27:24","guid":{"rendered":"https:\/\/staging.gajolivestock.com\/?post_type=product&#038;p=5750"},"modified":"2025-02-01T11:16:03","modified_gmt":"2025-02-01T11:16:03","slug":"local-lobster","status":"publish","type":"product","link":"https:\/\/staging.gajolivestock.com\/fr\/produit\/local-lobster\/","title":{"rendered":"Langouste local"},"content":{"rendered":"<p>Sa viande ferme et d\u00e9licate se pr\u00eate \u00e0 diverses pr\u00e9parations, des grillades aux sauces \u00e9labor\u00e9es. En plus de son go\u00fbt exceptionnel, il est hautement nutritif, apportant des prot\u00e9ines de qualit\u00e9 et des nutriments essentiels.<\/p>\n<p>&nbsp;<\/p>","protected":false},"excerpt":{"rendered":"<p>Le homard local est un crustac\u00e9 savoureux, tr\u00e8s appr\u00e9ci\u00e9 pour sa chair tendre et sa haute valeur nutritionnelle, parfait pour les plats gastronomiques.<\/p>\n<p>&nbsp;<\/p>","protected":false},"featured_media":5751,"comment_status":"open","ping_status":"closed","template":"","meta":{"nf_dc_page":"","om_disable_all_campaigns":false,"pagelayer_contact_templates":[],"_pagelayer_content":""},"product_brand":[],"product_cat":[36],"product_tag":[112],"class_list":{"0":"post-5750","1":"product","2":"type-product","3":"status-publish","4":"has-post-thumbnail","6":"product_cat-fish-seafood","7":"product_tag-fish-seafood","9":"first","10":"outofstock","11":"shipping-taxable","12":"purchasable","13":"product-type-simple"},"jetpack_sharing_enabled":true,"_links":{"self":[{"href":"https:\/\/staging.gajolivestock.com\/fr\/wp-json\/wp\/v2\/product\/5750","targetHints":{"allow":["GET"]}}],"collection":[{"href":"https:\/\/staging.gajolivestock.com\/fr\/wp-json\/wp\/v2\/product"}],"about":[{"href":"https:\/\/staging.gajolivestock.com\/fr\/wp-json\/wp\/v2\/types\/product"}],"replies":[{"embeddable":true,"href":"https:\/\/staging.gajolivestock.com\/fr\/wp-json\/wp\/v2\/comments?post=5750"}],"wp:featuredmedia":[{"embeddable":true,"href":"https:\/\/staging.gajolivestock.com\/fr\/wp-json\/wp\/v2\/media\/5751"}],"wp:attachment":[{"href":"https:\/\/staging.gajolivestock.com\/fr\/wp-json\/wp\/v2\/media?parent=5750"}],"wp:term":[{"taxonomy":"product_brand","embeddable":true,"href":"https:\/\/staging.gajolivestock.com\/fr\/wp-json\/wp\/v2\/product_brand?post=5750"},{"taxonomy":"product_cat","embeddable":true,"href":"https:\/\/staging.gajolivestock.com\/fr\/wp-json\/wp\/v2\/product_cat?post=5750"},{"taxonomy":"product_tag","embeddable":true,"href":"https:\/\/staging.gajolivestock.com\/fr\/wp-json\/wp\/v2\/product_tag?post=5750"}],"curies":[{"name":"wp","href":"https:\/\/api.w.org\/{rel}","templated":true}]}}