{"id":5784,"date":"2025-01-20T09:12:03","date_gmt":"2025-01-20T09:12:03","guid":{"rendered":"https:\/\/staging.gajolivestock.com\/?post_type=product&#038;p=5784"},"modified":"2025-02-07T12:19:08","modified_gmt":"2025-02-07T12:19:08","slug":"quail-eggs","status":"publish","type":"product","link":"https:\/\/staging.gajolivestock.com\/fr\/produit\/quail-eggs\/","title":{"rendered":"Oeufs de caille"},"content":{"rendered":"<p style=\"text-align: left;\"><span style=\"vertical-align: inherit;\"><span style=\"vertical-align: inherit;\"><span style=\"vertical-align: inherit;\"><span style=\"vertical-align: inherit;\">L\u2019\u0153uf de caille est un petit \u0153uf produit par les cailles, principalement des esp\u00e8ces telles que Coturnix coturnix ou Coturnix japonica. Il est appr\u00e9ci\u00e9 pour sa petite taille, sa coquille particuli\u00e8re et ses propri\u00e9t\u00e9s nutritionnelles.<\/span><\/span><\/span><\/span><\/p>\n<p style=\"text-align: center;\">","protected":false},"excerpt":{"rendered":"<p><span style=\"vertical-align: inherit;\"><span style=\"vertical-align: inherit;\"><span style=\"vertical-align: inherit;\"><span style=\"vertical-align: inherit;\">L\u2019\u0153uf de caille, petit par sa taille mais grand par ses bienfaits, est une alternative d\u00e9licieuse et nutritive.<\/span><\/span><\/span><\/span><\/p>","protected":false},"featured_media":5775,"comment_status":"open","ping_status":"closed","template":"","meta":{"om_disable_all_campaigns":false,"pagelayer_contact_templates":[],"_pagelayer_content":""},"product_brand":[],"product_cat":[35],"product_tag":[139],"class_list":{"0":"post-5784","1":"product","2":"type-product","3":"status-publish","4":"has-post-thumbnail","6":"product_cat-dairy-eggs","7":"product_tag-dairy-eggs","9":"first","10":"instock","11":"shipping-taxable","12":"purchasable","13":"product-type-simple"},"jetpack_sharing_enabled":true,"_links":{"self":[{"href":"https:\/\/staging.gajolivestock.com\/fr\/wp-json\/wp\/v2\/product\/5784","targetHints":{"allow":["GET"]}}],"collection":[{"href":"https:\/\/staging.gajolivestock.com\/fr\/wp-json\/wp\/v2\/product"}],"about":[{"href":"https:\/\/staging.gajolivestock.com\/fr\/wp-json\/wp\/v2\/types\/product"}],"replies":[{"embeddable":true,"href":"https:\/\/staging.gajolivestock.com\/fr\/wp-json\/wp\/v2\/comments?post=5784"}],"wp:featuredmedia":[{"embeddable":true,"href":"https:\/\/staging.gajolivestock.com\/fr\/wp-json\/wp\/v2\/media\/5775"}],"wp:attachment":[{"href":"https:\/\/staging.gajolivestock.com\/fr\/wp-json\/wp\/v2\/media?parent=5784"}],"wp:term":[{"taxonomy":"product_brand","embeddable":true,"href":"https:\/\/staging.gajolivestock.com\/fr\/wp-json\/wp\/v2\/product_brand?post=5784"},{"taxonomy":"product_cat","embeddable":true,"href":"https:\/\/staging.gajolivestock.com\/fr\/wp-json\/wp\/v2\/product_cat?post=5784"},{"taxonomy":"product_tag","embeddable":true,"href":"https:\/\/staging.gajolivestock.com\/fr\/wp-json\/wp\/v2\/product_tag?post=5784"}],"curies":[{"name":"wp","href":"https:\/\/api.w.org\/{rel}","templated":true}]}}