{"id":5795,"date":"2025-01-20T09:39:14","date_gmt":"2025-01-20T09:39:14","guid":{"rendered":"https:\/\/staging.gajolivestock.com\/?post_type=product&#038;p=5795"},"modified":"2025-02-01T11:33:22","modified_gmt":"2025-02-01T11:33:22","slug":"pheasant","status":"publish","type":"product","link":"https:\/\/staging.gajolivestock.com\/fr\/produit\/pheasant\/","title":{"rendered":"Faisan"},"content":{"rendered":"<p>Le faisan est non seulement d\u00e9licieux mais aussi nutritif, riche en prot\u00e9ines maigres et faible en gras, ce qui en fait un choix sain pour une alimentation \u00e9quilibr\u00e9e. Parfait pour les amateurs de gibier, le faisan se marie bien avec les l\u00e9gumes ou les sauces terreuses.<\/p>\n<p>&nbsp;<\/p>","protected":false},"excerpt":{"rendered":"<p>Sa viande contient des vitamines B (B3 et B6), essentielles \u00e0 l'\u00e9nergie et au m\u00e9tabolisme, ainsi que des min\u00e9raux comme le phosphore, le zinc et le s\u00e9l\u00e9nium, favorisant la sant\u00e9 osseuse et immunitaire.<\/p>\n<p>&nbsp;<\/p>","protected":false},"featured_media":5797,"comment_status":"open","ping_status":"closed","template":"","meta":{"om_disable_all_campaigns":false,"pagelayer_contact_templates":[],"_pagelayer_content":""},"product_brand":[],"product_cat":[48],"product_tag":[113],"class_list":{"0":"post-5795","1":"product","2":"type-product","3":"status-publish","4":"has-post-thumbnail","6":"product_cat-meat-poultry","7":"product_tag-meat-poultry","9":"first","10":"instock","11":"shipping-taxable","12":"purchasable","13":"product-type-simple"},"jetpack_sharing_enabled":true,"_links":{"self":[{"href":"https:\/\/staging.gajolivestock.com\/fr\/wp-json\/wp\/v2\/product\/5795","targetHints":{"allow":["GET"]}}],"collection":[{"href":"https:\/\/staging.gajolivestock.com\/fr\/wp-json\/wp\/v2\/product"}],"about":[{"href":"https:\/\/staging.gajolivestock.com\/fr\/wp-json\/wp\/v2\/types\/product"}],"replies":[{"embeddable":true,"href":"https:\/\/staging.gajolivestock.com\/fr\/wp-json\/wp\/v2\/comments?post=5795"}],"wp:featuredmedia":[{"embeddable":true,"href":"https:\/\/staging.gajolivestock.com\/fr\/wp-json\/wp\/v2\/media\/5797"}],"wp:attachment":[{"href":"https:\/\/staging.gajolivestock.com\/fr\/wp-json\/wp\/v2\/media?parent=5795"}],"wp:term":[{"taxonomy":"product_brand","embeddable":true,"href":"https:\/\/staging.gajolivestock.com\/fr\/wp-json\/wp\/v2\/product_brand?post=5795"},{"taxonomy":"product_cat","embeddable":true,"href":"https:\/\/staging.gajolivestock.com\/fr\/wp-json\/wp\/v2\/product_cat?post=5795"},{"taxonomy":"product_tag","embeddable":true,"href":"https:\/\/staging.gajolivestock.com\/fr\/wp-json\/wp\/v2\/product_tag?post=5795"}],"curies":[{"name":"wp","href":"https:\/\/api.w.org\/{rel}","templated":true}]}}