{"id":5799,"date":"2025-01-20T09:57:30","date_gmt":"2025-01-20T09:57:30","guid":{"rendered":"https:\/\/staging.gajolivestock.com\/?post_type=product&#038;p=5799"},"modified":"2025-02-03T09:14:23","modified_gmt":"2025-02-03T09:14:23","slug":"partridge","status":"publish","type":"product","link":"https:\/\/staging.gajolivestock.com\/fr\/produit\/partridge\/","title":{"rendered":"Perdrix"},"content":{"rendered":"<p>Faible en gras, la perdrix est riche en prot\u00e9ines, en vitamines B et en min\u00e9raux comme le fer et le phosphore, ce qui en fait une option saine et nutritive. Il s'accorde \u00e0 merveille avec des sauces fruit\u00e9es ou des l\u00e9gumes racines.<\/p>\n<p>&nbsp;<\/p>","protected":false},"excerpt":{"rendered":"<p>La perdrix est une viande maigre, riche en prot\u00e9ines de haute qualit\u00e9, id\u00e9ale pour entretenir et r\u00e9parer les tissus musculaires. C'est \u00e9galement une bonne source de vitamines B (B3 et B6) pour le m\u00e9tabolisme \u00e9nerg\u00e9tique et de min\u00e9raux comme le fer, le phosphore et le s\u00e9l\u00e9nium, essentiels \u00e0 la sant\u00e9 cardiovasculaire et immunitaire.<\/p>","protected":false},"featured_media":5800,"comment_status":"open","ping_status":"closed","template":"","meta":{"om_disable_all_campaigns":false,"pagelayer_contact_templates":[],"_pagelayer_content":""},"product_brand":[],"product_cat":[48],"product_tag":[113],"class_list":{"0":"post-5799","1":"product","2":"type-product","3":"status-publish","4":"has-post-thumbnail","6":"product_cat-meat-poultry","7":"product_tag-meat-poultry","9":"first","10":"instock","11":"shipping-taxable","12":"purchasable","13":"product-type-simple"},"jetpack_sharing_enabled":true,"_links":{"self":[{"href":"https:\/\/staging.gajolivestock.com\/fr\/wp-json\/wp\/v2\/product\/5799","targetHints":{"allow":["GET"]}}],"collection":[{"href":"https:\/\/staging.gajolivestock.com\/fr\/wp-json\/wp\/v2\/product"}],"about":[{"href":"https:\/\/staging.gajolivestock.com\/fr\/wp-json\/wp\/v2\/types\/product"}],"replies":[{"embeddable":true,"href":"https:\/\/staging.gajolivestock.com\/fr\/wp-json\/wp\/v2\/comments?post=5799"}],"wp:featuredmedia":[{"embeddable":true,"href":"https:\/\/staging.gajolivestock.com\/fr\/wp-json\/wp\/v2\/media\/5800"}],"wp:attachment":[{"href":"https:\/\/staging.gajolivestock.com\/fr\/wp-json\/wp\/v2\/media?parent=5799"}],"wp:term":[{"taxonomy":"product_brand","embeddable":true,"href":"https:\/\/staging.gajolivestock.com\/fr\/wp-json\/wp\/v2\/product_brand?post=5799"},{"taxonomy":"product_cat","embeddable":true,"href":"https:\/\/staging.gajolivestock.com\/fr\/wp-json\/wp\/v2\/product_cat?post=5799"},{"taxonomy":"product_tag","embeddable":true,"href":"https:\/\/staging.gajolivestock.com\/fr\/wp-json\/wp\/v2\/product_tag?post=5799"}],"curies":[{"name":"wp","href":"https:\/\/api.w.org\/{rel}","templated":true}]}}