{"id":5801,"date":"2025-01-20T09:57:34","date_gmt":"2025-01-20T09:57:34","guid":{"rendered":"https:\/\/staging.gajolivestock.com\/?post_type=product&#038;p=5801"},"modified":"2025-02-07T12:15:14","modified_gmt":"2025-02-07T12:15:14","slug":"duck-eggs","status":"publish","type":"product","link":"https:\/\/staging.gajolivestock.com\/fr\/produit\/duck-eggs\/","title":{"rendered":"Oeufs de canard"},"content":{"rendered":"<p style=\"text-align: left;\">L'\u0153uf de canard est un \u0153uf produit par des canards domestiques (Anas platyrhynchos domesticus) ou des canards sauvages. Il est appr\u00e9ci\u00e9 pour sa plus grande taille, sa richesse nutritionnelle et sa saveur distincte par rapport aux \u0153ufs de poule.<\/p>\n<p style=\"text-align: center;\">","protected":false},"excerpt":{"rendered":"<p>L'\u0153uf de canard, gr\u00e2ce \u00e0 sa richesse gustative et ses qualit\u00e9s nutritionnelles, constitue une excellente alternative pour les amateurs de cuisine et de recettes gourmandes.<\/p>","protected":false},"featured_media":5804,"comment_status":"open","ping_status":"closed","template":"","meta":{"om_disable_all_campaigns":false,"pagelayer_contact_templates":[],"_pagelayer_content":""},"product_brand":[],"product_cat":[35],"product_tag":[139],"class_list":{"0":"post-5801","1":"product","2":"type-product","3":"status-publish","4":"has-post-thumbnail","6":"product_cat-dairy-eggs","7":"product_tag-dairy-eggs","9":"first","10":"instock","11":"shipping-taxable","12":"purchasable","13":"product-type-simple"},"jetpack_sharing_enabled":true,"_links":{"self":[{"href":"https:\/\/staging.gajolivestock.com\/fr\/wp-json\/wp\/v2\/product\/5801","targetHints":{"allow":["GET"]}}],"collection":[{"href":"https:\/\/staging.gajolivestock.com\/fr\/wp-json\/wp\/v2\/product"}],"about":[{"href":"https:\/\/staging.gajolivestock.com\/fr\/wp-json\/wp\/v2\/types\/product"}],"replies":[{"embeddable":true,"href":"https:\/\/staging.gajolivestock.com\/fr\/wp-json\/wp\/v2\/comments?post=5801"}],"wp:featuredmedia":[{"embeddable":true,"href":"https:\/\/staging.gajolivestock.com\/fr\/wp-json\/wp\/v2\/media\/5804"}],"wp:attachment":[{"href":"https:\/\/staging.gajolivestock.com\/fr\/wp-json\/wp\/v2\/media?parent=5801"}],"wp:term":[{"taxonomy":"product_brand","embeddable":true,"href":"https:\/\/staging.gajolivestock.com\/fr\/wp-json\/wp\/v2\/product_brand?post=5801"},{"taxonomy":"product_cat","embeddable":true,"href":"https:\/\/staging.gajolivestock.com\/fr\/wp-json\/wp\/v2\/product_cat?post=5801"},{"taxonomy":"product_tag","embeddable":true,"href":"https:\/\/staging.gajolivestock.com\/fr\/wp-json\/wp\/v2\/product_tag?post=5801"}],"curies":[{"name":"wp","href":"https:\/\/api.w.org\/{rel}","templated":true}]}}