{"id":5813,"date":"2025-01-20T11:32:39","date_gmt":"2025-01-20T11:32:39","guid":{"rendered":"https:\/\/staging.gajolivestock.com\/?post_type=product&#038;p=5813"},"modified":"2025-02-01T11:32:40","modified_gmt":"2025-02-01T11:32:40","slug":"ostrich","status":"publish","type":"product","link":"https:\/\/staging.gajolivestock.com\/fr\/produit\/ostrich\/","title":{"rendered":"Autruche"},"content":{"rendered":"<p>Il est faible en graisses satur\u00e9es et en cholest\u00e9rol, ce qui le rend populaire aupr\u00e8s des personnes soucieuses de leur sant\u00e9. De plus, l'autruche est une excellente source de min\u00e9raux essentiels tels que le fer, le zinc et le magn\u00e9sium, ainsi que de vitamines B comme la vitamine B12.<\/p>\n<p>&nbsp;<\/p>","protected":false},"excerpt":{"rendered":"<p>La viande d'autruche est maigre, riche en prot\u00e9ines et faible en graisses satur\u00e9es et en cholest\u00e9rol. C'est une excellente source de fer, de zinc et de vitamine B12. En raison de sa faible teneur en mati\u00e8res grasses, elle est souvent consid\u00e9r\u00e9e comme une alternative plus saine \u00e0 la viande rouge. La viande d\u2019autruche est \u00e9galement plus facile \u00e0 dig\u00e9rer que les autres viandes.<\/p>","protected":false},"featured_media":5814,"comment_status":"open","ping_status":"closed","template":"","meta":{"nf_dc_page":"","om_disable_all_campaigns":false,"pagelayer_contact_templates":[],"_pagelayer_content":""},"product_brand":[],"product_cat":[48],"product_tag":[113],"class_list":{"0":"post-5813","1":"product","2":"type-product","3":"status-publish","4":"has-post-thumbnail","6":"product_cat-meat-poultry","7":"product_tag-meat-poultry","9":"first","10":"instock","11":"shipping-taxable","12":"purchasable","13":"product-type-simple"},"jetpack_sharing_enabled":true,"_links":{"self":[{"href":"https:\/\/staging.gajolivestock.com\/fr\/wp-json\/wp\/v2\/product\/5813","targetHints":{"allow":["GET"]}}],"collection":[{"href":"https:\/\/staging.gajolivestock.com\/fr\/wp-json\/wp\/v2\/product"}],"about":[{"href":"https:\/\/staging.gajolivestock.com\/fr\/wp-json\/wp\/v2\/types\/product"}],"replies":[{"embeddable":true,"href":"https:\/\/staging.gajolivestock.com\/fr\/wp-json\/wp\/v2\/comments?post=5813"}],"wp:featuredmedia":[{"embeddable":true,"href":"https:\/\/staging.gajolivestock.com\/fr\/wp-json\/wp\/v2\/media\/5814"}],"wp:attachment":[{"href":"https:\/\/staging.gajolivestock.com\/fr\/wp-json\/wp\/v2\/media?parent=5813"}],"wp:term":[{"taxonomy":"product_brand","embeddable":true,"href":"https:\/\/staging.gajolivestock.com\/fr\/wp-json\/wp\/v2\/product_brand?post=5813"},{"taxonomy":"product_cat","embeddable":true,"href":"https:\/\/staging.gajolivestock.com\/fr\/wp-json\/wp\/v2\/product_cat?post=5813"},{"taxonomy":"product_tag","embeddable":true,"href":"https:\/\/staging.gajolivestock.com\/fr\/wp-json\/wp\/v2\/product_tag?post=5813"}],"curies":[{"name":"wp","href":"https:\/\/api.w.org\/{rel}","templated":true}]}}