{"id":5923,"date":"2025-01-20T18:18:25","date_gmt":"2025-01-20T18:18:25","guid":{"rendered":"https:\/\/staging.gajolivestock.com\/?post_type=product&#038;p=5923"},"modified":"2025-02-01T11:03:04","modified_gmt":"2025-02-01T11:03:04","slug":"dairy-cows","status":"publish","type":"product","link":"https:\/\/staging.gajolivestock.com\/fr\/produit\/dairy-cows\/","title":{"rendered":"Vache laiti\u00e8re"},"content":{"rendered":"<p>Leur nutrition est essentielle \u00e0 la fois \u00e0 la production et \u00e0 la sant\u00e9. Une alimentation \u00e9quilibr\u00e9e comprend des fourrages (herbe, foin, ensilage) et des concentr\u00e9s riches en prot\u00e9ines et en \u00e9nergie. En plus d\u2019une bonne alimentation, ils ont besoin d\u2019un environnement sain, de soins v\u00e9t\u00e9rinaires r\u00e9guliers et d\u2019une bonne gestion pour optimiser leur bien-\u00eatre et leur productivit\u00e9.<\/p>\n<p>&nbsp;<\/p>","protected":false},"excerpt":{"rendered":"<p>Les vaches laiti\u00e8res sont des bovins \u00e9lev\u00e9s sp\u00e9cifiquement pour la production laiti\u00e8re. Ils ont besoin d\u2019une alimentation \u00e9quilibr\u00e9e pour garantir un rendement optimal et une bonne sant\u00e9.<\/p>","protected":false},"featured_media":5924,"comment_status":"open","ping_status":"closed","template":"","meta":{"om_disable_all_campaigns":false,"pagelayer_contact_templates":[],"_pagelayer_content":""},"product_brand":[],"product_cat":[89],"product_tag":[127],"class_list":{"0":"post-5923","1":"product","2":"type-product","3":"status-publish","4":"has-post-thumbnail","6":"product_cat-beef","7":"product_tag-beef","9":"first","10":"outofstock","11":"shipping-taxable","12":"purchasable","13":"product-type-simple"},"jetpack_sharing_enabled":true,"_links":{"self":[{"href":"https:\/\/staging.gajolivestock.com\/fr\/wp-json\/wp\/v2\/product\/5923","targetHints":{"allow":["GET"]}}],"collection":[{"href":"https:\/\/staging.gajolivestock.com\/fr\/wp-json\/wp\/v2\/product"}],"about":[{"href":"https:\/\/staging.gajolivestock.com\/fr\/wp-json\/wp\/v2\/types\/product"}],"replies":[{"embeddable":true,"href":"https:\/\/staging.gajolivestock.com\/fr\/wp-json\/wp\/v2\/comments?post=5923"}],"wp:featuredmedia":[{"embeddable":true,"href":"https:\/\/staging.gajolivestock.com\/fr\/wp-json\/wp\/v2\/media\/5924"}],"wp:attachment":[{"href":"https:\/\/staging.gajolivestock.com\/fr\/wp-json\/wp\/v2\/media?parent=5923"}],"wp:term":[{"taxonomy":"product_brand","embeddable":true,"href":"https:\/\/staging.gajolivestock.com\/fr\/wp-json\/wp\/v2\/product_brand?post=5923"},{"taxonomy":"product_cat","embeddable":true,"href":"https:\/\/staging.gajolivestock.com\/fr\/wp-json\/wp\/v2\/product_cat?post=5923"},{"taxonomy":"product_tag","embeddable":true,"href":"https:\/\/staging.gajolivestock.com\/fr\/wp-json\/wp\/v2\/product_tag?post=5923"}],"curies":[{"name":"wp","href":"https:\/\/api.w.org\/{rel}","templated":true}]}}