{"id":5948,"date":"2025-01-20T18:54:13","date_gmt":"2025-01-20T18:54:13","guid":{"rendered":"https:\/\/staging.gajolivestock.com\/?post_type=product&#038;p=5948"},"modified":"2025-02-01T11:02:48","modified_gmt":"2025-02-01T11:02:48","slug":"zebu","status":"publish","type":"product","link":"https:\/\/staging.gajolivestock.com\/fr\/produit\/zebu\/","title":{"rendered":"z\u00e9bu"},"content":{"rendered":"<p>ils sont utilis\u00e9s pour les travaux agricoles comme animaux de trait, pour la production de viande et, dans certaines r\u00e9gions, pour le lait. Le z\u00e9bu est facilement reconnaissable \u00e0 sa bosse pro\u00e9minente sur les \u00e9paules, ses longues oreilles tombantes et son pelage court.<\/p>\n<p>&nbsp;<\/p>","protected":false},"excerpt":{"rendered":"<p>Le z\u00e9bu est une race bovine domestique rustique, facilement identifiable gr\u00e2ce \u00e0 sa bosse caract\u00e9ristique sur le dos. Adapt\u00e9 aux climats tropicaux et semi-arides, il est utilis\u00e9 pour le travail, la production de viande et parfois de lait.<\/p>\n<p>&nbsp;<\/p>","protected":false},"featured_media":6987,"comment_status":"open","ping_status":"closed","template":"","meta":{"om_disable_all_campaigns":false,"pagelayer_contact_templates":[],"_pagelayer_content":""},"product_brand":[],"product_cat":[89],"product_tag":[127],"class_list":{"0":"post-5948","1":"product","2":"type-product","3":"status-publish","4":"has-post-thumbnail","6":"product_cat-beef","7":"product_tag-beef","9":"first","10":"instock","11":"shipping-taxable","12":"purchasable","13":"product-type-simple"},"jetpack_sharing_enabled":true,"_links":{"self":[{"href":"https:\/\/staging.gajolivestock.com\/fr\/wp-json\/wp\/v2\/product\/5948","targetHints":{"allow":["GET"]}}],"collection":[{"href":"https:\/\/staging.gajolivestock.com\/fr\/wp-json\/wp\/v2\/product"}],"about":[{"href":"https:\/\/staging.gajolivestock.com\/fr\/wp-json\/wp\/v2\/types\/product"}],"replies":[{"embeddable":true,"href":"https:\/\/staging.gajolivestock.com\/fr\/wp-json\/wp\/v2\/comments?post=5948"}],"wp:featuredmedia":[{"embeddable":true,"href":"https:\/\/staging.gajolivestock.com\/fr\/wp-json\/wp\/v2\/media\/6987"}],"wp:attachment":[{"href":"https:\/\/staging.gajolivestock.com\/fr\/wp-json\/wp\/v2\/media?parent=5948"}],"wp:term":[{"taxonomy":"product_brand","embeddable":true,"href":"https:\/\/staging.gajolivestock.com\/fr\/wp-json\/wp\/v2\/product_brand?post=5948"},{"taxonomy":"product_cat","embeddable":true,"href":"https:\/\/staging.gajolivestock.com\/fr\/wp-json\/wp\/v2\/product_cat?post=5948"},{"taxonomy":"product_tag","embeddable":true,"href":"https:\/\/staging.gajolivestock.com\/fr\/wp-json\/wp\/v2\/product_tag?post=5948"}],"curies":[{"name":"wp","href":"https:\/\/api.w.org\/{rel}","templated":true}]}}