{"id":5957,"date":"2025-01-20T19:13:52","date_gmt":"2025-01-20T19:13:52","guid":{"rendered":"https:\/\/staging.gajolivestock.com\/?post_type=product&#038;p=5957"},"modified":"2025-02-01T11:02:04","modified_gmt":"2025-02-01T11:02:04","slug":"abigar","status":"publish","type":"product","link":"https:\/\/staging.gajolivestock.com\/fr\/produit\/abigar\/","title":{"rendered":"Abigar"},"content":{"rendered":"<p>Les Abigars sont principalement \u00e9lev\u00e9s pour leur viande, m\u00eame si leur lait est parfois utilis\u00e9 pour la consommation locale. Ils jouent \u00e9galement un r\u00f4le important dans les activit\u00e9s agricoles en tant qu'animaux de trait. Leurs caract\u00e9ristiques physiques comprennent un corps robuste, des cornes courtes et un pelage typiquement de couleur claire adapt\u00e9 aux climats chauds.<\/p>\n<p>&nbsp;<\/p>","protected":false},"excerpt":{"rendered":"<p>L'Abigar est une race bovine originaire d'\u00c9thiopie, connue pour sa r\u00e9silience aux climats chauds et sa capacit\u00e9 \u00e0 parcourir de longues distances. Il est principalement utilis\u00e9 pour la production de viande et comme animal de trait.<\/p>\n<p>&nbsp;<\/p>","protected":false},"featured_media":5955,"comment_status":"open","ping_status":"closed","template":"","meta":{"nf_dc_page":"","om_disable_all_campaigns":false,"pagelayer_contact_templates":[],"_pagelayer_content":""},"product_brand":[],"product_cat":[89,84],"product_tag":[127,115],"class_list":{"0":"post-5957","1":"product","2":"type-product","3":"status-publish","4":"has-post-thumbnail","6":"product_cat-beef","7":"product_cat-cattle","8":"product_tag-beef","9":"product_tag-cattle","11":"first","12":"instock","13":"shipping-taxable","14":"purchasable","15":"product-type-simple"},"jetpack_sharing_enabled":true,"_links":{"self":[{"href":"https:\/\/staging.gajolivestock.com\/fr\/wp-json\/wp\/v2\/product\/5957","targetHints":{"allow":["GET"]}}],"collection":[{"href":"https:\/\/staging.gajolivestock.com\/fr\/wp-json\/wp\/v2\/product"}],"about":[{"href":"https:\/\/staging.gajolivestock.com\/fr\/wp-json\/wp\/v2\/types\/product"}],"replies":[{"embeddable":true,"href":"https:\/\/staging.gajolivestock.com\/fr\/wp-json\/wp\/v2\/comments?post=5957"}],"wp:featuredmedia":[{"embeddable":true,"href":"https:\/\/staging.gajolivestock.com\/fr\/wp-json\/wp\/v2\/media\/5955"}],"wp:attachment":[{"href":"https:\/\/staging.gajolivestock.com\/fr\/wp-json\/wp\/v2\/media?parent=5957"}],"wp:term":[{"taxonomy":"product_brand","embeddable":true,"href":"https:\/\/staging.gajolivestock.com\/fr\/wp-json\/wp\/v2\/product_brand?post=5957"},{"taxonomy":"product_cat","embeddable":true,"href":"https:\/\/staging.gajolivestock.com\/fr\/wp-json\/wp\/v2\/product_cat?post=5957"},{"taxonomy":"product_tag","embeddable":true,"href":"https:\/\/staging.gajolivestock.com\/fr\/wp-json\/wp\/v2\/product_tag?post=5957"}],"curies":[{"name":"wp","href":"https:\/\/api.w.org\/{rel}","templated":true}]}}