{"id":5965,"date":"2025-01-21T08:12:08","date_gmt":"2025-01-21T08:12:08","guid":{"rendered":"https:\/\/staging.gajolivestock.com\/?post_type=product&#038;p=5965"},"modified":"2025-02-01T11:01:43","modified_gmt":"2025-02-01T11:01:43","slug":"afrikaner","status":"publish","type":"product","link":"https:\/\/staging.gajolivestock.com\/fr\/produit\/afrikaner\/","title":{"rendered":"afrikaner"},"content":{"rendered":"<p>cette race est r\u00e9put\u00e9e pour produire une viande bovine de haute qualit\u00e9. Les Afrikaners sont \u00e9galement appr\u00e9ci\u00e9s comme animaux de trait pour les travaux agricoles. Leur r\u00e9sistance naturelle aux maladies et leurs faibles besoins d\u2019entretien en font une option rentable pour les agriculteurs. De plus, leur temp\u00e9rament calme et leur facilit\u00e9 de manipulation contribuent \u00e0 leur attrait g\u00e9n\u00e9ralis\u00e9.<\/p>\n<p>&nbsp;<\/p>\n<p>&nbsp;<\/p>","protected":false},"excerpt":{"rendered":"<p>L'Afrikaner est une race bovine sud-africaine connue pour sa r\u00e9silience, sa r\u00e9sistance aux maladies et sa capacit\u00e9 \u00e0 prosp\u00e9rer dans les climats chauds. Il est principalement utilis\u00e9 pour la production de viande et les travaux agricoles.<\/p>","protected":false},"featured_media":5967,"comment_status":"open","ping_status":"closed","template":"","meta":{"nf_dc_page":"","om_disable_all_campaigns":false,"pagelayer_contact_templates":[],"_pagelayer_content":""},"product_brand":[],"product_cat":[89,84],"product_tag":[127,115],"class_list":{"0":"post-5965","1":"product","2":"type-product","3":"status-publish","4":"has-post-thumbnail","6":"product_cat-beef","7":"product_cat-cattle","8":"product_tag-beef","9":"product_tag-cattle","11":"first","12":"instock","13":"shipping-taxable","14":"purchasable","15":"product-type-simple"},"jetpack_sharing_enabled":true,"_links":{"self":[{"href":"https:\/\/staging.gajolivestock.com\/fr\/wp-json\/wp\/v2\/product\/5965","targetHints":{"allow":["GET"]}}],"collection":[{"href":"https:\/\/staging.gajolivestock.com\/fr\/wp-json\/wp\/v2\/product"}],"about":[{"href":"https:\/\/staging.gajolivestock.com\/fr\/wp-json\/wp\/v2\/types\/product"}],"replies":[{"embeddable":true,"href":"https:\/\/staging.gajolivestock.com\/fr\/wp-json\/wp\/v2\/comments?post=5965"}],"wp:featuredmedia":[{"embeddable":true,"href":"https:\/\/staging.gajolivestock.com\/fr\/wp-json\/wp\/v2\/media\/5967"}],"wp:attachment":[{"href":"https:\/\/staging.gajolivestock.com\/fr\/wp-json\/wp\/v2\/media?parent=5965"}],"wp:term":[{"taxonomy":"product_brand","embeddable":true,"href":"https:\/\/staging.gajolivestock.com\/fr\/wp-json\/wp\/v2\/product_brand?post=5965"},{"taxonomy":"product_cat","embeddable":true,"href":"https:\/\/staging.gajolivestock.com\/fr\/wp-json\/wp\/v2\/product_cat?post=5965"},{"taxonomy":"product_tag","embeddable":true,"href":"https:\/\/staging.gajolivestock.com\/fr\/wp-json\/wp\/v2\/product_tag?post=5965"}],"curies":[{"name":"wp","href":"https:\/\/api.w.org\/{rel}","templated":true}]}}