{"id":5970,"date":"2025-01-21T08:44:56","date_gmt":"2025-01-21T08:44:56","guid":{"rendered":"https:\/\/staging.gajolivestock.com\/?post_type=product&#038;p=5970"},"modified":"2025-02-01T11:01:22","modified_gmt":"2025-02-01T11:01:22","slug":"borgou","status":"publish","type":"product","link":"https:\/\/staging.gajolivestock.com\/fr\/produit\/borgou\/","title":{"rendered":"Borgou"},"content":{"rendered":"<p>Les bovins Borgou sont principalement \u00e9lev\u00e9s pour la production de viande et de lait. Ils sont \u00e9galement employ\u00e9s comme animaux de trait pour les travaux agricoles. Leur polyvalence et leur rusticit\u00e9 en font un choix populaire dans l\u2019\u00e9levage africain.<\/p>\n<p>&nbsp;<\/p>","protected":false},"excerpt":{"rendered":"<p>Le Borgou est une race bovine africaine issue d'un croisement entre les races Z\u00e9bu et Taurine. Connu pour sa r\u00e9silience en milieu tropical, il est utilis\u00e9 pour la production de viande et de lait ainsi que pour la main d\u2019\u0153uvre agricole.<\/p>","protected":false},"featured_media":5972,"comment_status":"open","ping_status":"closed","template":"","meta":{"om_disable_all_campaigns":false,"pagelayer_contact_templates":[],"_pagelayer_content":""},"product_brand":[],"product_cat":[89],"product_tag":[127],"class_list":{"0":"post-5970","1":"product","2":"type-product","3":"status-publish","4":"has-post-thumbnail","6":"product_cat-beef","7":"product_tag-beef","9":"first","10":"instock","11":"shipping-taxable","12":"purchasable","13":"product-type-simple"},"jetpack_sharing_enabled":true,"_links":{"self":[{"href":"https:\/\/staging.gajolivestock.com\/fr\/wp-json\/wp\/v2\/product\/5970","targetHints":{"allow":["GET"]}}],"collection":[{"href":"https:\/\/staging.gajolivestock.com\/fr\/wp-json\/wp\/v2\/product"}],"about":[{"href":"https:\/\/staging.gajolivestock.com\/fr\/wp-json\/wp\/v2\/types\/product"}],"replies":[{"embeddable":true,"href":"https:\/\/staging.gajolivestock.com\/fr\/wp-json\/wp\/v2\/comments?post=5970"}],"wp:featuredmedia":[{"embeddable":true,"href":"https:\/\/staging.gajolivestock.com\/fr\/wp-json\/wp\/v2\/media\/5972"}],"wp:attachment":[{"href":"https:\/\/staging.gajolivestock.com\/fr\/wp-json\/wp\/v2\/media?parent=5970"}],"wp:term":[{"taxonomy":"product_brand","embeddable":true,"href":"https:\/\/staging.gajolivestock.com\/fr\/wp-json\/wp\/v2\/product_brand?post=5970"},{"taxonomy":"product_cat","embeddable":true,"href":"https:\/\/staging.gajolivestock.com\/fr\/wp-json\/wp\/v2\/product_cat?post=5970"},{"taxonomy":"product_tag","embeddable":true,"href":"https:\/\/staging.gajolivestock.com\/fr\/wp-json\/wp\/v2\/product_tag?post=5970"}],"curies":[{"name":"wp","href":"https:\/\/api.w.org\/{rel}","templated":true}]}}