{"id":5978,"date":"2025-01-21T09:39:55","date_gmt":"2025-01-21T09:39:55","guid":{"rendered":"https:\/\/staging.gajolivestock.com\/?post_type=product&#038;p=5978"},"modified":"2025-02-07T18:28:39","modified_gmt":"2025-02-07T18:28:39","slug":"sahelian-goat","status":"publish","type":"product","link":"https:\/\/staging.gajolivestock.com\/fr\/produit\/sahelian-goat\/","title":{"rendered":"Ch\u00e8vre du Sahel"},"content":{"rendered":"<p style=\"text-align: left;\">La ch\u00e8vre sah\u00e9lienne est un fromage de ch\u00e8vre originaire de la r\u00e9gion du Sahel en Afrique de l'Ouest, particuli\u00e8rement populaire dans des pays comme le Mali, le Niger et le Burkina Faso.<\/p>\n<p style=\"text-align: center;\">","protected":false},"excerpt":{"rendered":"<p>Il est souvent consomm\u00e9 dans les plats locaux ou d\u00e9gust\u00e9 seul, accompagn\u00e9 de pain, de l\u00e9gumes ou de fruits.<\/p>","protected":false},"featured_media":5981,"comment_status":"open","ping_status":"closed","template":"","meta":{"om_disable_all_campaigns":false,"pagelayer_contact_templates":[],"_pagelayer_content":""},"product_brand":[],"product_cat":[84,82],"product_tag":[115,109],"class_list":{"0":"post-5978","1":"product","2":"type-product","3":"status-publish","4":"has-post-thumbnail","6":"product_cat-cattle","7":"product_cat-goat","8":"product_tag-cattle","9":"product_tag-goat","11":"first","12":"instock","13":"shipping-taxable","14":"purchasable","15":"product-type-simple"},"jetpack_sharing_enabled":true,"_links":{"self":[{"href":"https:\/\/staging.gajolivestock.com\/fr\/wp-json\/wp\/v2\/product\/5978","targetHints":{"allow":["GET"]}}],"collection":[{"href":"https:\/\/staging.gajolivestock.com\/fr\/wp-json\/wp\/v2\/product"}],"about":[{"href":"https:\/\/staging.gajolivestock.com\/fr\/wp-json\/wp\/v2\/types\/product"}],"replies":[{"embeddable":true,"href":"https:\/\/staging.gajolivestock.com\/fr\/wp-json\/wp\/v2\/comments?post=5978"}],"wp:featuredmedia":[{"embeddable":true,"href":"https:\/\/staging.gajolivestock.com\/fr\/wp-json\/wp\/v2\/media\/5981"}],"wp:attachment":[{"href":"https:\/\/staging.gajolivestock.com\/fr\/wp-json\/wp\/v2\/media?parent=5978"}],"wp:term":[{"taxonomy":"product_brand","embeddable":true,"href":"https:\/\/staging.gajolivestock.com\/fr\/wp-json\/wp\/v2\/product_brand?post=5978"},{"taxonomy":"product_cat","embeddable":true,"href":"https:\/\/staging.gajolivestock.com\/fr\/wp-json\/wp\/v2\/product_cat?post=5978"},{"taxonomy":"product_tag","embeddable":true,"href":"https:\/\/staging.gajolivestock.com\/fr\/wp-json\/wp\/v2\/product_tag?post=5978"}],"curies":[{"name":"wp","href":"https:\/\/api.w.org\/{rel}","templated":true}]}}