{"id":5983,"date":"2025-01-21T09:49:23","date_gmt":"2025-01-21T09:49:23","guid":{"rendered":"https:\/\/staging.gajolivestock.com\/?post_type=product&#038;p=5983"},"modified":"2025-02-07T17:52:35","modified_gmt":"2025-02-07T17:52:35","slug":"alpine-goat","status":"publish","type":"product","link":"https:\/\/staging.gajolivestock.com\/fr\/produit\/alpine-goat\/","title":{"rendered":"Ch\u00e8vre alpine"},"content":{"rendered":"<p style=\"text-align: left;\">Les ch\u00e8vres alpines sont connues pour leur bonne adaptation aux climats montagnards, ce qui fait de leur lait une mati\u00e8re premi\u00e8re de qualit\u00e9 pour la fabrication du fromage.<\/p>\n<p style=\"text-align: center;\">","protected":false},"excerpt":{"rendered":"<p>Il peut \u00eatre consomm\u00e9 frais, mais aussi apr\u00e8s un l\u00e9ger affinage qui lui permet de d\u00e9velopper plus de caract\u00e8re.<\/p>","protected":false},"featured_media":5985,"comment_status":"open","ping_status":"closed","template":"","meta":{"om_disable_all_campaigns":false,"pagelayer_contact_templates":[],"_pagelayer_content":""},"product_brand":[],"product_cat":[84,82],"product_tag":[115,109],"class_list":{"0":"post-5983","1":"product","2":"type-product","3":"status-publish","4":"has-post-thumbnail","6":"product_cat-cattle","7":"product_cat-goat","8":"product_tag-cattle","9":"product_tag-goat","11":"first","12":"instock","13":"shipping-taxable","14":"purchasable","15":"product-type-simple"},"jetpack_sharing_enabled":true,"_links":{"self":[{"href":"https:\/\/staging.gajolivestock.com\/fr\/wp-json\/wp\/v2\/product\/5983","targetHints":{"allow":["GET"]}}],"collection":[{"href":"https:\/\/staging.gajolivestock.com\/fr\/wp-json\/wp\/v2\/product"}],"about":[{"href":"https:\/\/staging.gajolivestock.com\/fr\/wp-json\/wp\/v2\/types\/product"}],"replies":[{"embeddable":true,"href":"https:\/\/staging.gajolivestock.com\/fr\/wp-json\/wp\/v2\/comments?post=5983"}],"wp:featuredmedia":[{"embeddable":true,"href":"https:\/\/staging.gajolivestock.com\/fr\/wp-json\/wp\/v2\/media\/5985"}],"wp:attachment":[{"href":"https:\/\/staging.gajolivestock.com\/fr\/wp-json\/wp\/v2\/media?parent=5983"}],"wp:term":[{"taxonomy":"product_brand","embeddable":true,"href":"https:\/\/staging.gajolivestock.com\/fr\/wp-json\/wp\/v2\/product_brand?post=5983"},{"taxonomy":"product_cat","embeddable":true,"href":"https:\/\/staging.gajolivestock.com\/fr\/wp-json\/wp\/v2\/product_cat?post=5983"},{"taxonomy":"product_tag","embeddable":true,"href":"https:\/\/staging.gajolivestock.com\/fr\/wp-json\/wp\/v2\/product_tag?post=5983"}],"curies":[{"name":"wp","href":"https:\/\/api.w.org\/{rel}","templated":true}]}}