{"id":5993,"date":"2025-01-21T09:56:02","date_gmt":"2025-01-21T09:56:02","guid":{"rendered":"https:\/\/staging.gajolivestock.com\/?post_type=product&#038;p=5993"},"modified":"2025-02-07T18:09:25","modified_gmt":"2025-02-07T18:09:25","slug":"djallonke-goat","status":"publish","type":"product","link":"https:\/\/staging.gajolivestock.com\/fr\/produit\/djallonke-goat\/","title":{"rendered":"Ch\u00e8vre Djallonk\u00e9"},"content":{"rendered":"<p style=\"text-align: left;\">La Ch\u00e8vre Djallonk\u00e9 est une race de ch\u00e8vre originaire d'Afrique de l'Ouest, que l'on trouve principalement en Guin\u00e9e, en Sierra Leone, au Lib\u00e9ria, ainsi que dans d'autres r\u00e9gions d'Afrique de l'Ouest et centrale.<\/p>\n<p style=\"text-align: center;\">","protected":false},"excerpt":{"rendered":"<p>Ils sont r\u00e9put\u00e9s pour leur lait, souvent utilis\u00e9 dans la fabrication des fromages locaux. Le lait de cette ch\u00e8vre est appr\u00e9ci\u00e9 pour sa richesse et sa qualit\u00e9.<\/p>","protected":false},"featured_media":5986,"comment_status":"open","ping_status":"closed","template":"","meta":{"nf_dc_page":"","om_disable_all_campaigns":false,"pagelayer_contact_templates":[],"_pagelayer_content":""},"product_brand":[],"product_cat":[84,82],"product_tag":[115,109],"class_list":{"0":"post-5993","1":"product","2":"type-product","3":"status-publish","4":"has-post-thumbnail","6":"product_cat-cattle","7":"product_cat-goat","8":"product_tag-cattle","9":"product_tag-goat","11":"first","12":"instock","13":"shipping-taxable","14":"purchasable","15":"product-type-simple"},"jetpack_sharing_enabled":true,"_links":{"self":[{"href":"https:\/\/staging.gajolivestock.com\/fr\/wp-json\/wp\/v2\/product\/5993","targetHints":{"allow":["GET"]}}],"collection":[{"href":"https:\/\/staging.gajolivestock.com\/fr\/wp-json\/wp\/v2\/product"}],"about":[{"href":"https:\/\/staging.gajolivestock.com\/fr\/wp-json\/wp\/v2\/types\/product"}],"replies":[{"embeddable":true,"href":"https:\/\/staging.gajolivestock.com\/fr\/wp-json\/wp\/v2\/comments?post=5993"}],"wp:featuredmedia":[{"embeddable":true,"href":"https:\/\/staging.gajolivestock.com\/fr\/wp-json\/wp\/v2\/media\/5986"}],"wp:attachment":[{"href":"https:\/\/staging.gajolivestock.com\/fr\/wp-json\/wp\/v2\/media?parent=5993"}],"wp:term":[{"taxonomy":"product_brand","embeddable":true,"href":"https:\/\/staging.gajolivestock.com\/fr\/wp-json\/wp\/v2\/product_brand?post=5993"},{"taxonomy":"product_cat","embeddable":true,"href":"https:\/\/staging.gajolivestock.com\/fr\/wp-json\/wp\/v2\/product_cat?post=5993"},{"taxonomy":"product_tag","embeddable":true,"href":"https:\/\/staging.gajolivestock.com\/fr\/wp-json\/wp\/v2\/product_tag?post=5993"}],"curies":[{"name":"wp","href":"https:\/\/api.w.org\/{rel}","templated":true}]}}