{"id":5995,"date":"2025-01-21T10:02:39","date_gmt":"2025-01-21T10:02:39","guid":{"rendered":"https:\/\/staging.gajolivestock.com\/?post_type=product&#038;p=5995"},"modified":"2025-02-07T18:13:08","modified_gmt":"2025-02-07T18:13:08","slug":"east-african-goat","status":"publish","type":"product","link":"https:\/\/staging.gajolivestock.com\/fr\/produit\/east-african-goat\/","title":{"rendered":"Ch\u00e8vre d'Afrique de l'Est"},"content":{"rendered":"<p style=\"text-align: left;\">La ch\u00e8vre d'Afrique de l'Est est une race de ch\u00e8vre originaire de la r\u00e9gion de l'Afrique de l'Est, comprenant des pays comme le Kenya, la Tanzanie, l'Ouganda et le Soudan. Cette race est particuli\u00e8rement appr\u00e9ci\u00e9e pour sa rusticit\u00e9, sa capacit\u00e9 \u00e0 s'adapter aux environnements difficiles et ses performances en mati\u00e8re de production de lait et de viande.<\/p>\n<p style=\"text-align: center;\">","protected":false},"excerpt":{"rendered":"<p>Sa viande est consid\u00e9r\u00e9e comme savoureuse et tendre.<\/p>","protected":false},"featured_media":5989,"comment_status":"open","ping_status":"closed","template":"","meta":{"nf_dc_page":"","om_disable_all_campaigns":false,"pagelayer_contact_templates":[],"_pagelayer_content":""},"product_brand":[],"product_cat":[84,82],"product_tag":[115,109],"class_list":{"0":"post-5995","1":"product","2":"type-product","3":"status-publish","4":"has-post-thumbnail","6":"product_cat-cattle","7":"product_cat-goat","8":"product_tag-cattle","9":"product_tag-goat","11":"first","12":"instock","13":"shipping-taxable","14":"purchasable","15":"product-type-simple"},"jetpack_sharing_enabled":true,"_links":{"self":[{"href":"https:\/\/staging.gajolivestock.com\/fr\/wp-json\/wp\/v2\/product\/5995","targetHints":{"allow":["GET"]}}],"collection":[{"href":"https:\/\/staging.gajolivestock.com\/fr\/wp-json\/wp\/v2\/product"}],"about":[{"href":"https:\/\/staging.gajolivestock.com\/fr\/wp-json\/wp\/v2\/types\/product"}],"replies":[{"embeddable":true,"href":"https:\/\/staging.gajolivestock.com\/fr\/wp-json\/wp\/v2\/comments?post=5995"}],"wp:featuredmedia":[{"embeddable":true,"href":"https:\/\/staging.gajolivestock.com\/fr\/wp-json\/wp\/v2\/media\/5989"}],"wp:attachment":[{"href":"https:\/\/staging.gajolivestock.com\/fr\/wp-json\/wp\/v2\/media?parent=5995"}],"wp:term":[{"taxonomy":"product_brand","embeddable":true,"href":"https:\/\/staging.gajolivestock.com\/fr\/wp-json\/wp\/v2\/product_brand?post=5995"},{"taxonomy":"product_cat","embeddable":true,"href":"https:\/\/staging.gajolivestock.com\/fr\/wp-json\/wp\/v2\/product_cat?post=5995"},{"taxonomy":"product_tag","embeddable":true,"href":"https:\/\/staging.gajolivestock.com\/fr\/wp-json\/wp\/v2\/product_tag?post=5995"}],"curies":[{"name":"wp","href":"https:\/\/api.w.org\/{rel}","templated":true}]}}