{"id":5996,"date":"2025-01-21T10:09:32","date_gmt":"2025-01-21T10:09:32","guid":{"rendered":"https:\/\/staging.gajolivestock.com\/?post_type=product&#038;p=5996"},"modified":"2025-02-07T18:20:42","modified_gmt":"2025-02-07T18:20:42","slug":"galla-goat","status":"publish","type":"product","link":"https:\/\/staging.gajolivestock.com\/fr\/produit\/galla-goat\/","title":{"rendered":"Ch\u00e8vre Galla"},"content":{"rendered":"<p style=\"text-align: left;\">La ch\u00e8vre Galla est une race de ch\u00e8vre originaire de la r\u00e9gion orientale de l'Afrique, principalement \u00e9lev\u00e9e en \u00c9thiopie, mais \u00e9galement pr\u00e9sente dans d'autres pays de la Corne de l'Afrique, comme le Kenya et la Somalie.<\/p>\n<p style=\"text-align: center;\">","protected":false},"excerpt":{"rendered":"<p>Sa viande est tendre et savoureuse, elle repr\u00e9sente une source importante de prot\u00e9ines pour les populations.<\/p>","protected":false},"featured_media":5991,"comment_status":"open","ping_status":"closed","template":"","meta":{"om_disable_all_campaigns":false,"pagelayer_contact_templates":[],"_pagelayer_content":""},"product_brand":[],"product_cat":[84,82],"product_tag":[115,109],"class_list":{"0":"post-5996","1":"product","2":"type-product","3":"status-publish","4":"has-post-thumbnail","6":"product_cat-cattle","7":"product_cat-goat","8":"product_tag-cattle","9":"product_tag-goat","11":"first","12":"instock","13":"shipping-taxable","14":"purchasable","15":"product-type-simple"},"jetpack_sharing_enabled":true,"_links":{"self":[{"href":"https:\/\/staging.gajolivestock.com\/fr\/wp-json\/wp\/v2\/product\/5996","targetHints":{"allow":["GET"]}}],"collection":[{"href":"https:\/\/staging.gajolivestock.com\/fr\/wp-json\/wp\/v2\/product"}],"about":[{"href":"https:\/\/staging.gajolivestock.com\/fr\/wp-json\/wp\/v2\/types\/product"}],"replies":[{"embeddable":true,"href":"https:\/\/staging.gajolivestock.com\/fr\/wp-json\/wp\/v2\/comments?post=5996"}],"wp:featuredmedia":[{"embeddable":true,"href":"https:\/\/staging.gajolivestock.com\/fr\/wp-json\/wp\/v2\/media\/5991"}],"wp:attachment":[{"href":"https:\/\/staging.gajolivestock.com\/fr\/wp-json\/wp\/v2\/media?parent=5996"}],"wp:term":[{"taxonomy":"product_brand","embeddable":true,"href":"https:\/\/staging.gajolivestock.com\/fr\/wp-json\/wp\/v2\/product_brand?post=5996"},{"taxonomy":"product_cat","embeddable":true,"href":"https:\/\/staging.gajolivestock.com\/fr\/wp-json\/wp\/v2\/product_cat?post=5996"},{"taxonomy":"product_tag","embeddable":true,"href":"https:\/\/staging.gajolivestock.com\/fr\/wp-json\/wp\/v2\/product_tag?post=5996"}],"curies":[{"name":"wp","href":"https:\/\/api.w.org\/{rel}","templated":true}]}}