{"id":5999,"date":"2025-01-21T10:17:34","date_gmt":"2025-01-21T10:17:34","guid":{"rendered":"https:\/\/staging.gajolivestock.com\/?post_type=product&#038;p=5999"},"modified":"2025-02-07T17:56:23","modified_gmt":"2025-02-07T17:56:23","slug":"maradi-goat","status":"publish","type":"product","link":"https:\/\/staging.gajolivestock.com\/fr\/produit\/maradi-goat\/","title":{"rendered":"Ch\u00e8vre  Maradi"},"content":{"rendered":"<p style=\"text-align: left;\">Les ch\u00e8vres Maradi sont de taille moyenne, avec un corps robuste et une bonne musculature. Ils ont g\u00e9n\u00e9ralement un pelage court et sont de couleurs vari\u00e9es, allant du blanc au noir, en passant par diff\u00e9rentes nuances de brun.<\/p>\n<p style=\"text-align: center;\">","protected":false},"excerpt":{"rendered":"<p>La viande de ch\u00e8vre Maradi est \u00e9galement tr\u00e8s appr\u00e9ci\u00e9e pour sa tendret\u00e9 et sa saveur, ce qui en fait une source importante de prot\u00e9ines.<\/p>","protected":false},"featured_media":6000,"comment_status":"open","ping_status":"closed","template":"","meta":{"nf_dc_page":"","om_disable_all_campaigns":false,"pagelayer_contact_templates":[],"_pagelayer_content":""},"product_brand":[],"product_cat":[84,82],"product_tag":[115,109],"class_list":{"0":"post-5999","1":"product","2":"type-product","3":"status-publish","4":"has-post-thumbnail","6":"product_cat-cattle","7":"product_cat-goat","8":"product_tag-cattle","9":"product_tag-goat","11":"first","12":"instock","13":"shipping-taxable","14":"purchasable","15":"product-type-simple"},"jetpack_sharing_enabled":true,"_links":{"self":[{"href":"https:\/\/staging.gajolivestock.com\/fr\/wp-json\/wp\/v2\/product\/5999","targetHints":{"allow":["GET"]}}],"collection":[{"href":"https:\/\/staging.gajolivestock.com\/fr\/wp-json\/wp\/v2\/product"}],"about":[{"href":"https:\/\/staging.gajolivestock.com\/fr\/wp-json\/wp\/v2\/types\/product"}],"replies":[{"embeddable":true,"href":"https:\/\/staging.gajolivestock.com\/fr\/wp-json\/wp\/v2\/comments?post=5999"}],"wp:featuredmedia":[{"embeddable":true,"href":"https:\/\/staging.gajolivestock.com\/fr\/wp-json\/wp\/v2\/media\/6000"}],"wp:attachment":[{"href":"https:\/\/staging.gajolivestock.com\/fr\/wp-json\/wp\/v2\/media?parent=5999"}],"wp:term":[{"taxonomy":"product_brand","embeddable":true,"href":"https:\/\/staging.gajolivestock.com\/fr\/wp-json\/wp\/v2\/product_brand?post=5999"},{"taxonomy":"product_cat","embeddable":true,"href":"https:\/\/staging.gajolivestock.com\/fr\/wp-json\/wp\/v2\/product_cat?post=5999"},{"taxonomy":"product_tag","embeddable":true,"href":"https:\/\/staging.gajolivestock.com\/fr\/wp-json\/wp\/v2\/product_tag?post=5999"}],"curies":[{"name":"wp","href":"https:\/\/api.w.org\/{rel}","templated":true}]}}