{"id":6007,"date":"2025-01-21T10:24:19","date_gmt":"2025-01-21T10:24:19","guid":{"rendered":"https:\/\/staging.gajolivestock.com\/?post_type=product&#038;p=6007"},"modified":"2025-02-07T18:24:41","modified_gmt":"2025-02-07T18:24:41","slug":"sokoto-goat-red-skin","status":"publish","type":"product","link":"https:\/\/staging.gajolivestock.com\/fr\/produit\/sokoto-goat-red-skin\/","title":{"rendered":"Ch\u00e8vre Sokoto (peau rouge)"},"content":{"rendered":"<p style=\"text-align: left;\">La Ch\u00e8vre Sokoto, \u00e9galement connue sous le nom de Ch\u00e8vre Peau Rouge, est une race de ch\u00e8vre originaire du Nigeria, particuli\u00e8rement \u00e9lev\u00e9e dans la r\u00e9gion de Sokoto, situ\u00e9e au nord-ouest du pays.<\/p>\n<p style=\"text-align: center;\">","protected":false},"excerpt":{"rendered":"<p>Sa viande est tendre et savoureuse, elle est tr\u00e8s pris\u00e9e dans les cuisines locales et r\u00e9gionales, notamment lors des f\u00eates et festivals.<\/p>","protected":false},"featured_media":6003,"comment_status":"open","ping_status":"closed","template":"","meta":{"om_disable_all_campaigns":false,"pagelayer_contact_templates":[],"_pagelayer_content":""},"product_brand":[],"product_cat":[84,82],"product_tag":[115,109],"class_list":{"0":"post-6007","1":"product","2":"type-product","3":"status-publish","4":"has-post-thumbnail","6":"product_cat-cattle","7":"product_cat-goat","8":"product_tag-cattle","9":"product_tag-goat","11":"first","12":"instock","13":"shipping-taxable","14":"purchasable","15":"product-type-simple"},"jetpack_sharing_enabled":true,"_links":{"self":[{"href":"https:\/\/staging.gajolivestock.com\/fr\/wp-json\/wp\/v2\/product\/6007","targetHints":{"allow":["GET"]}}],"collection":[{"href":"https:\/\/staging.gajolivestock.com\/fr\/wp-json\/wp\/v2\/product"}],"about":[{"href":"https:\/\/staging.gajolivestock.com\/fr\/wp-json\/wp\/v2\/types\/product"}],"replies":[{"embeddable":true,"href":"https:\/\/staging.gajolivestock.com\/fr\/wp-json\/wp\/v2\/comments?post=6007"}],"wp:featuredmedia":[{"embeddable":true,"href":"https:\/\/staging.gajolivestock.com\/fr\/wp-json\/wp\/v2\/media\/6003"}],"wp:attachment":[{"href":"https:\/\/staging.gajolivestock.com\/fr\/wp-json\/wp\/v2\/media?parent=6007"}],"wp:term":[{"taxonomy":"product_brand","embeddable":true,"href":"https:\/\/staging.gajolivestock.com\/fr\/wp-json\/wp\/v2\/product_brand?post=6007"},{"taxonomy":"product_cat","embeddable":true,"href":"https:\/\/staging.gajolivestock.com\/fr\/wp-json\/wp\/v2\/product_cat?post=6007"},{"taxonomy":"product_tag","embeddable":true,"href":"https:\/\/staging.gajolivestock.com\/fr\/wp-json\/wp\/v2\/product_tag?post=6007"}],"curies":[{"name":"wp","href":"https:\/\/api.w.org\/{rel}","templated":true}]}}