{"id":6010,"date":"2025-01-21T11:53:54","date_gmt":"2025-01-21T11:53:54","guid":{"rendered":"https:\/\/staging.gajolivestock.com\/?post_type=product&#038;p=6010"},"modified":"2025-02-05T08:09:18","modified_gmt":"2025-02-05T08:09:18","slug":"cone-shaped-plastic-waterer","status":"publish","type":"product","link":"https:\/\/staging.gajolivestock.com\/fr\/produit\/cone-shaped-plastic-waterer\/","title":{"rendered":"Abreuvoir en plastique"},"content":{"rendered":"<p>L'abreuvoir en plastique de forme conique de 5 L est sp\u00e9cialement con\u00e7u pour les petits animaux. Sa forme conique assure un remplissage facile et minimise le gaspillage d'eau. Fabriqu\u00e9 en plastique robuste et non toxique, il est l\u00e9ger, facile \u00e0 transporter et r\u00e9sistant aux chocs. Parfait pour les fermes, les \u00e9leveurs et l\u2019usage domestique.<\/p>\n<p>&nbsp;<\/p>","protected":false},"excerpt":{"rendered":"<p>Abreuvoir en plastique de forme conique d'une capacit\u00e9 de 5 L, parfait pour abreuver facilement les petits animaux. L\u00e9ger et r\u00e9sistant.<\/p>","protected":false},"featured_media":6011,"comment_status":"open","ping_status":"closed","template":"","meta":{"nf_dc_page":"","om_disable_all_campaigns":false,"pagelayer_contact_templates":[],"_pagelayer_content":""},"product_brand":[],"product_cat":[88],"product_tag":[117],"class_list":{"0":"post-6010","1":"product","2":"type-product","3":"status-publish","4":"has-post-thumbnail","6":"product_cat-livestock-equipment","7":"product_tag-livestock-equipment","9":"first","10":"instock","11":"shipping-taxable","12":"purchasable","13":"product-type-simple"},"jetpack_sharing_enabled":true,"_links":{"self":[{"href":"https:\/\/staging.gajolivestock.com\/fr\/wp-json\/wp\/v2\/product\/6010","targetHints":{"allow":["GET"]}}],"collection":[{"href":"https:\/\/staging.gajolivestock.com\/fr\/wp-json\/wp\/v2\/product"}],"about":[{"href":"https:\/\/staging.gajolivestock.com\/fr\/wp-json\/wp\/v2\/types\/product"}],"replies":[{"embeddable":true,"href":"https:\/\/staging.gajolivestock.com\/fr\/wp-json\/wp\/v2\/comments?post=6010"}],"wp:featuredmedia":[{"embeddable":true,"href":"https:\/\/staging.gajolivestock.com\/fr\/wp-json\/wp\/v2\/media\/6011"}],"wp:attachment":[{"href":"https:\/\/staging.gajolivestock.com\/fr\/wp-json\/wp\/v2\/media?parent=6010"}],"wp:term":[{"taxonomy":"product_brand","embeddable":true,"href":"https:\/\/staging.gajolivestock.com\/fr\/wp-json\/wp\/v2\/product_brand?post=6010"},{"taxonomy":"product_cat","embeddable":true,"href":"https:\/\/staging.gajolivestock.com\/fr\/wp-json\/wp\/v2\/product_cat?post=6010"},{"taxonomy":"product_tag","embeddable":true,"href":"https:\/\/staging.gajolivestock.com\/fr\/wp-json\/wp\/v2\/product_tag?post=6010"}],"curies":[{"name":"wp","href":"https:\/\/api.w.org\/{rel}","templated":true}]}}