{"id":6032,"date":"2025-01-21T12:18:23","date_gmt":"2025-01-21T12:18:23","guid":{"rendered":"https:\/\/staging.gajolivestock.com\/?post_type=product&#038;p=6032"},"modified":"2025-01-21T12:18:24","modified_gmt":"2025-01-21T12:18:24","slug":"the-14g5-8-needle","status":"publish","type":"product","link":"https:\/\/staging.gajolivestock.com\/fr\/produit\/the-14g5-8-needle\/","title":{"rendered":"L'aiguille 14G*5\/8"},"content":{"rendered":"<p>L'aiguille 14G*5\/8 est fabriqu\u00e9e en acier inoxydable de haute qualit\u00e9, garantissant une durabilit\u00e9 et une r\u00e9sistance \u00e0 la corrosion optimales. Sa pointe pointue garantit des injections indolores et efficaces. D'une longueur de 5\/8 de pouce, il convient aux besoins v\u00e9t\u00e9rinaires, notamment pour l'administration de m\u00e9dicaments ou de vaccins aux bovins, chevaux et autres gros animaux. Compatible avec la plupart des seringues standards.<\/p>","protected":false},"excerpt":{"rendered":"<p>Aiguille en acier inoxydable 14G, 5\/8 pouces de long. Con\u00e7u pour un usage v\u00e9t\u00e9rinaire, id\u00e9al pour des injections pr\u00e9cises chez les animaux de taille moyenne \u00e0 grande.<\/p>","protected":false},"featured_media":6029,"comment_status":"open","ping_status":"closed","template":"","meta":{"om_disable_all_campaigns":false,"pagelayer_contact_templates":[],"_pagelayer_content":""},"product_brand":[],"product_cat":[88],"product_tag":[117],"class_list":{"0":"post-6032","1":"product","2":"type-product","3":"status-publish","4":"has-post-thumbnail","6":"product_cat-livestock-equipment","7":"product_tag-livestock-equipment","9":"first","10":"instock","11":"shipping-taxable","12":"purchasable","13":"product-type-simple"},"jetpack_sharing_enabled":true,"_links":{"self":[{"href":"https:\/\/staging.gajolivestock.com\/fr\/wp-json\/wp\/v2\/product\/6032","targetHints":{"allow":["GET"]}}],"collection":[{"href":"https:\/\/staging.gajolivestock.com\/fr\/wp-json\/wp\/v2\/product"}],"about":[{"href":"https:\/\/staging.gajolivestock.com\/fr\/wp-json\/wp\/v2\/types\/product"}],"replies":[{"embeddable":true,"href":"https:\/\/staging.gajolivestock.com\/fr\/wp-json\/wp\/v2\/comments?post=6032"}],"wp:featuredmedia":[{"embeddable":true,"href":"https:\/\/staging.gajolivestock.com\/fr\/wp-json\/wp\/v2\/media\/6029"}],"wp:attachment":[{"href":"https:\/\/staging.gajolivestock.com\/fr\/wp-json\/wp\/v2\/media?parent=6032"}],"wp:term":[{"taxonomy":"product_brand","embeddable":true,"href":"https:\/\/staging.gajolivestock.com\/fr\/wp-json\/wp\/v2\/product_brand?post=6032"},{"taxonomy":"product_cat","embeddable":true,"href":"https:\/\/staging.gajolivestock.com\/fr\/wp-json\/wp\/v2\/product_cat?post=6032"},{"taxonomy":"product_tag","embeddable":true,"href":"https:\/\/staging.gajolivestock.com\/fr\/wp-json\/wp\/v2\/product_tag?post=6032"}],"curies":[{"name":"wp","href":"https:\/\/api.w.org\/{rel}","templated":true}]}}