{"id":6115,"date":"2025-01-21T17:04:09","date_gmt":"2025-01-21T17:04:09","guid":{"rendered":"https:\/\/staging.gajolivestock.com\/?post_type=product&#038;p=6115"},"modified":"2025-02-01T16:09:29","modified_gmt":"2025-02-01T16:09:29","slug":"17g1-4-needle","status":"publish","type":"product","link":"https:\/\/staging.gajolivestock.com\/fr\/produit\/17g1-4-needle\/","title":{"rendered":"Aiguille 17G * 1\/4"},"content":{"rendered":"<p>L'aiguille 17G*1\/4 est un outil d'injection de haute qualit\u00e9 en acier inoxydable r\u00e9sistant \u00e0 la corrosion. Sa taille compacte et son calibre fin le rendent id\u00e9al pour les injections superficielles ou sp\u00e9cifiques chez les petits animaux tels que les porcelets, les chiots ou les agneaux. Compatible avec les seringues standards, il assure une administration efficace des m\u00e9dicaments et des vaccins tout en minimisant l'inconfort pour l'animal.<\/p>\n<p>&nbsp;<\/p>","protected":false},"excerpt":{"rendered":"<p>Aiguille en acier inoxydable 17G de 1\/4 de pouce de long, con\u00e7ue pour des injections pr\u00e9cises et superficielles chez les petits animaux.<\/p>","protected":false},"featured_media":6119,"comment_status":"open","ping_status":"closed","template":"","meta":{"nf_dc_page":"","om_disable_all_campaigns":false,"pagelayer_contact_templates":[],"_pagelayer_content":""},"product_brand":[],"product_cat":[88],"product_tag":[117],"class_list":{"0":"post-6115","1":"product","2":"type-product","3":"status-publish","4":"has-post-thumbnail","6":"product_cat-livestock-equipment","7":"product_tag-livestock-equipment","9":"first","10":"instock","11":"shipping-taxable","12":"purchasable","13":"product-type-simple"},"jetpack_sharing_enabled":true,"_links":{"self":[{"href":"https:\/\/staging.gajolivestock.com\/fr\/wp-json\/wp\/v2\/product\/6115","targetHints":{"allow":["GET"]}}],"collection":[{"href":"https:\/\/staging.gajolivestock.com\/fr\/wp-json\/wp\/v2\/product"}],"about":[{"href":"https:\/\/staging.gajolivestock.com\/fr\/wp-json\/wp\/v2\/types\/product"}],"replies":[{"embeddable":true,"href":"https:\/\/staging.gajolivestock.com\/fr\/wp-json\/wp\/v2\/comments?post=6115"}],"wp:featuredmedia":[{"embeddable":true,"href":"https:\/\/staging.gajolivestock.com\/fr\/wp-json\/wp\/v2\/media\/6119"}],"wp:attachment":[{"href":"https:\/\/staging.gajolivestock.com\/fr\/wp-json\/wp\/v2\/media?parent=6115"}],"wp:term":[{"taxonomy":"product_brand","embeddable":true,"href":"https:\/\/staging.gajolivestock.com\/fr\/wp-json\/wp\/v2\/product_brand?post=6115"},{"taxonomy":"product_cat","embeddable":true,"href":"https:\/\/staging.gajolivestock.com\/fr\/wp-json\/wp\/v2\/product_cat?post=6115"},{"taxonomy":"product_tag","embeddable":true,"href":"https:\/\/staging.gajolivestock.com\/fr\/wp-json\/wp\/v2\/product_tag?post=6115"}],"curies":[{"name":"wp","href":"https:\/\/api.w.org\/{rel}","templated":true}]}}