{"id":6159,"date":"2025-01-22T07:25:58","date_gmt":"2025-01-22T07:25:58","guid":{"rendered":"https:\/\/staging.gajolivestock.com\/?post_type=product&#038;p=6159"},"modified":"2025-02-01T17:21:10","modified_gmt":"2025-02-01T17:21:10","slug":"dog-notebook","status":"publish","type":"product","link":"https:\/\/staging.gajolivestock.com\/fr\/produit\/dog-notebook\/","title":{"rendered":"Carnet pour chien"},"content":{"rendered":"<p>Ce carnet est sp\u00e9cialement con\u00e7u pour les amoureux des chiens. Il comprend des sections d\u00e9di\u00e9es pour enregistrer les rendez-vous chez le v\u00e9t\u00e9rinaire, les vaccinations, les traitements et suivre les habitudes alimentaires et l'activit\u00e9 physique. Vous pourrez \u00e9galement noter des anecdotes, coller des photos et conserver une trace des moments privil\u00e9gi\u00e9s partag\u00e9s avec votre fid\u00e8le compagnon. Un outil indispensable pour prendre soin de votre chien et pr\u00e9server ses pr\u00e9cieux souvenirs.<\/p>\n<p>&nbsp;<\/p>","protected":false},"excerpt":{"rendered":"<p>Un carnet pratique pour les propri\u00e9taires de chiens pour suivre leur sant\u00e9, leurs activit\u00e9s et leurs souvenirs pr\u00e9cieux.<\/p>","protected":false},"featured_media":6160,"comment_status":"open","ping_status":"closed","template":"","meta":{"om_disable_all_campaigns":false,"pagelayer_contact_templates":[],"_pagelayer_content":""},"product_brand":[],"product_cat":[88],"product_tag":[117],"class_list":{"0":"post-6159","1":"product","2":"type-product","3":"status-publish","4":"has-post-thumbnail","6":"product_cat-livestock-equipment","7":"product_tag-livestock-equipment","9":"first","10":"instock","11":"shipping-taxable","12":"purchasable","13":"product-type-simple"},"jetpack_sharing_enabled":true,"_links":{"self":[{"href":"https:\/\/staging.gajolivestock.com\/fr\/wp-json\/wp\/v2\/product\/6159","targetHints":{"allow":["GET"]}}],"collection":[{"href":"https:\/\/staging.gajolivestock.com\/fr\/wp-json\/wp\/v2\/product"}],"about":[{"href":"https:\/\/staging.gajolivestock.com\/fr\/wp-json\/wp\/v2\/types\/product"}],"replies":[{"embeddable":true,"href":"https:\/\/staging.gajolivestock.com\/fr\/wp-json\/wp\/v2\/comments?post=6159"}],"wp:featuredmedia":[{"embeddable":true,"href":"https:\/\/staging.gajolivestock.com\/fr\/wp-json\/wp\/v2\/media\/6160"}],"wp:attachment":[{"href":"https:\/\/staging.gajolivestock.com\/fr\/wp-json\/wp\/v2\/media?parent=6159"}],"wp:term":[{"taxonomy":"product_brand","embeddable":true,"href":"https:\/\/staging.gajolivestock.com\/fr\/wp-json\/wp\/v2\/product_brand?post=6159"},{"taxonomy":"product_cat","embeddable":true,"href":"https:\/\/staging.gajolivestock.com\/fr\/wp-json\/wp\/v2\/product_cat?post=6159"},{"taxonomy":"product_tag","embeddable":true,"href":"https:\/\/staging.gajolivestock.com\/fr\/wp-json\/wp\/v2\/product_tag?post=6159"}],"curies":[{"name":"wp","href":"https:\/\/api.w.org\/{rel}","templated":true}]}}