{"id":6162,"date":"2025-01-22T07:34:32","date_gmt":"2025-01-22T07:34:32","guid":{"rendered":"https:\/\/staging.gajolivestock.com\/?post_type=product&#038;p=6162"},"modified":"2025-02-01T15:10:50","modified_gmt":"2025-02-01T15:10:50","slug":"manual-debeaker","status":"publish","type":"product","link":"https:\/\/staging.gajolivestock.com\/fr\/produit\/manual-debeaker\/","title":{"rendered":"d\u00e9becqueur manuel"},"content":{"rendered":"<p>Le d\u00e9becqueur manuel est un outil sp\u00e9cialement con\u00e7u pour l\u2019aviculture. Il permet de tailler ou d\u2019ajuster le bec des oiseaux, r\u00e9duisant ainsi les comportements agressifs comme le picage. Compact et facile \u00e0 utiliser, cet outil assure une manipulation pr\u00e9cise, minimisant le stress de l'animal tout en prot\u00e9geant les autres membres du troupeau. Parfait pour les petites fermes ou les exploitations avicoles familiales.<\/p>\n<p>&nbsp;<\/p>","protected":false},"excerpt":{"rendered":"<p>Un outil manuel utilis\u00e9 pour tailler ou r\u00e9duire le bec des volailles avec pr\u00e9cision et s\u00e9curit\u00e9.<\/p>","protected":false},"featured_media":6163,"comment_status":"open","ping_status":"closed","template":"","meta":{"om_disable_all_campaigns":false,"pagelayer_contact_templates":[],"_pagelayer_content":""},"product_brand":[],"product_cat":[88],"product_tag":[117],"class_list":{"0":"post-6162","1":"product","2":"type-product","3":"status-publish","4":"has-post-thumbnail","6":"product_cat-livestock-equipment","7":"product_tag-livestock-equipment","9":"first","10":"instock","11":"shipping-taxable","12":"purchasable","13":"product-type-simple"},"jetpack_sharing_enabled":true,"_links":{"self":[{"href":"https:\/\/staging.gajolivestock.com\/fr\/wp-json\/wp\/v2\/product\/6162","targetHints":{"allow":["GET"]}}],"collection":[{"href":"https:\/\/staging.gajolivestock.com\/fr\/wp-json\/wp\/v2\/product"}],"about":[{"href":"https:\/\/staging.gajolivestock.com\/fr\/wp-json\/wp\/v2\/types\/product"}],"replies":[{"embeddable":true,"href":"https:\/\/staging.gajolivestock.com\/fr\/wp-json\/wp\/v2\/comments?post=6162"}],"wp:featuredmedia":[{"embeddable":true,"href":"https:\/\/staging.gajolivestock.com\/fr\/wp-json\/wp\/v2\/media\/6163"}],"wp:attachment":[{"href":"https:\/\/staging.gajolivestock.com\/fr\/wp-json\/wp\/v2\/media?parent=6162"}],"wp:term":[{"taxonomy":"product_brand","embeddable":true,"href":"https:\/\/staging.gajolivestock.com\/fr\/wp-json\/wp\/v2\/product_brand?post=6162"},{"taxonomy":"product_cat","embeddable":true,"href":"https:\/\/staging.gajolivestock.com\/fr\/wp-json\/wp\/v2\/product_cat?post=6162"},{"taxonomy":"product_tag","embeddable":true,"href":"https:\/\/staging.gajolivestock.com\/fr\/wp-json\/wp\/v2\/product_tag?post=6162"}],"curies":[{"name":"wp","href":"https:\/\/api.w.org\/{rel}","templated":true}]}}