{"id":6165,"date":"2025-01-22T07:52:59","date_gmt":"2025-01-22T07:52:59","guid":{"rendered":"https:\/\/staging.gajolivestock.com\/?post_type=product&#038;p=6165"},"modified":"2025-02-07T18:56:43","modified_gmt":"2025-02-07T18:56:43","slug":"42-cm-chick-feeder","status":"publish","type":"product","link":"https:\/\/staging.gajolivestock.com\/fr\/produit\/42-cm-chick-feeder\/","title":{"rendered":"Mangeoire \u00e0 poussins"},"content":{"rendered":"<p>Cette mangeoire de 42 cm est parfaite pour nourrir vos poussins en toute simplicit\u00e9. Sa conception robuste et pratique assure une r\u00e9partition homog\u00e8ne des aliments tout en minimisant les d\u00e9chets. Facile \u00e0 nettoyer et \u00e0 remplir, il favorise une alimentation hygi\u00e9nique adapt\u00e9e aux besoins des jeunes volailles. Id\u00e9al pour les petites exploitations ou les d\u00e9butants en aviculture.<\/p>\n<p>&nbsp;<\/p>","protected":false},"excerpt":{"rendered":"<p>Une mangeoire de 42 cm con\u00e7ue pour fournir une alimentation efficace et hygi\u00e9nique aux poussins.<\/p>","protected":false},"featured_media":6166,"comment_status":"open","ping_status":"closed","template":"","meta":{"om_disable_all_campaigns":false,"pagelayer_contact_templates":[],"_pagelayer_content":""},"product_brand":[],"product_cat":[88],"product_tag":[117],"class_list":{"0":"post-6165","1":"product","2":"type-product","3":"status-publish","4":"has-post-thumbnail","6":"product_cat-livestock-equipment","7":"product_tag-livestock-equipment","9":"first","10":"instock","11":"shipping-taxable","12":"purchasable","13":"product-type-simple"},"jetpack_sharing_enabled":true,"_links":{"self":[{"href":"https:\/\/staging.gajolivestock.com\/fr\/wp-json\/wp\/v2\/product\/6165","targetHints":{"allow":["GET"]}}],"collection":[{"href":"https:\/\/staging.gajolivestock.com\/fr\/wp-json\/wp\/v2\/product"}],"about":[{"href":"https:\/\/staging.gajolivestock.com\/fr\/wp-json\/wp\/v2\/types\/product"}],"replies":[{"embeddable":true,"href":"https:\/\/staging.gajolivestock.com\/fr\/wp-json\/wp\/v2\/comments?post=6165"}],"wp:featuredmedia":[{"embeddable":true,"href":"https:\/\/staging.gajolivestock.com\/fr\/wp-json\/wp\/v2\/media\/6166"}],"wp:attachment":[{"href":"https:\/\/staging.gajolivestock.com\/fr\/wp-json\/wp\/v2\/media?parent=6165"}],"wp:term":[{"taxonomy":"product_brand","embeddable":true,"href":"https:\/\/staging.gajolivestock.com\/fr\/wp-json\/wp\/v2\/product_brand?post=6165"},{"taxonomy":"product_cat","embeddable":true,"href":"https:\/\/staging.gajolivestock.com\/fr\/wp-json\/wp\/v2\/product_cat?post=6165"},{"taxonomy":"product_tag","embeddable":true,"href":"https:\/\/staging.gajolivestock.com\/fr\/wp-json\/wp\/v2\/product_tag?post=6165"}],"curies":[{"name":"wp","href":"https:\/\/api.w.org\/{rel}","templated":true}]}}