{"id":6168,"date":"2025-01-22T07:58:25","date_gmt":"2025-01-22T07:58:25","guid":{"rendered":"https:\/\/staging.gajolivestock.com\/?post_type=product&#038;p=6168"},"modified":"2025-02-05T08:36:41","modified_gmt":"2025-02-05T08:36:41","slug":"plastic-hopper-feeder","status":"publish","type":"product","link":"https:\/\/staging.gajolivestock.com\/fr\/produit\/plastic-hopper-feeder\/","title":{"rendered":"Mangeoire en plastique"},"content":{"rendered":"<p>La mangeoire en plastique est un choix pratique pour l'\u00e9levage de volailles. Sa conception de tr\u00e9mie assure un approvisionnement continu en aliments, r\u00e9duisant ainsi les d\u00e9chets et minimisant la contamination. Fabriqu\u00e9e en plastique durable et facile \u00e0 nettoyer, cette mangeoire est con\u00e7ue pour durer et convient aux fermes de toutes tailles. Un outil essentiel pour maintenir des conditions d\u2019alimentation hygi\u00e9niques et efficaces.<\/p>\n<p>&nbsp;<\/p>","protected":false},"excerpt":{"rendered":"<p>Une mangeoire en plastique con\u00e7ue pour une alimentation propre et efficace des volailles.<\/p>","protected":false},"featured_media":6169,"comment_status":"open","ping_status":"closed","template":"","meta":{"om_disable_all_campaigns":false,"pagelayer_contact_templates":[],"_pagelayer_content":""},"product_brand":[],"product_cat":[88],"product_tag":[117],"class_list":{"0":"post-6168","1":"product","2":"type-product","3":"status-publish","4":"has-post-thumbnail","6":"product_cat-livestock-equipment","7":"product_tag-livestock-equipment","9":"first","10":"instock","11":"shipping-taxable","12":"purchasable","13":"product-type-simple"},"jetpack_sharing_enabled":true,"_links":{"self":[{"href":"https:\/\/staging.gajolivestock.com\/fr\/wp-json\/wp\/v2\/product\/6168","targetHints":{"allow":["GET"]}}],"collection":[{"href":"https:\/\/staging.gajolivestock.com\/fr\/wp-json\/wp\/v2\/product"}],"about":[{"href":"https:\/\/staging.gajolivestock.com\/fr\/wp-json\/wp\/v2\/types\/product"}],"replies":[{"embeddable":true,"href":"https:\/\/staging.gajolivestock.com\/fr\/wp-json\/wp\/v2\/comments?post=6168"}],"wp:featuredmedia":[{"embeddable":true,"href":"https:\/\/staging.gajolivestock.com\/fr\/wp-json\/wp\/v2\/media\/6169"}],"wp:attachment":[{"href":"https:\/\/staging.gajolivestock.com\/fr\/wp-json\/wp\/v2\/media?parent=6168"}],"wp:term":[{"taxonomy":"product_brand","embeddable":true,"href":"https:\/\/staging.gajolivestock.com\/fr\/wp-json\/wp\/v2\/product_brand?post=6168"},{"taxonomy":"product_cat","embeddable":true,"href":"https:\/\/staging.gajolivestock.com\/fr\/wp-json\/wp\/v2\/product_cat?post=6168"},{"taxonomy":"product_tag","embeddable":true,"href":"https:\/\/staging.gajolivestock.com\/fr\/wp-json\/wp\/v2\/product_tag?post=6168"}],"curies":[{"name":"wp","href":"https:\/\/api.w.org\/{rel}","templated":true}]}}