{"id":6175,"date":"2025-01-22T08:09:08","date_gmt":"2025-01-22T08:09:08","guid":{"rendered":"https:\/\/staging.gajolivestock.com\/?post_type=product&#038;p=6175"},"modified":"2025-02-05T08:20:01","modified_gmt":"2025-02-05T08:20:01","slug":"galvanized-hopper-feeder-2","status":"publish","type":"product","link":"https:\/\/staging.gajolivestock.com\/fr\/produit\/galvanized-hopper-feeder-2\/","title":{"rendered":"Mangeoire \u00e0 tr\u00e9mie"},"content":{"rendered":"<p>La mangeoire \u00e0 tr\u00e9mie galvanis\u00e9e de 18 kg est con\u00e7ue pour offrir une solution durable et pratique pour nourrir un grand nombre de volailles. Sa grande capacit\u00e9 permet de stocker une grande quantit\u00e9 d\u2019aliments, r\u00e9duisant ainsi le besoin de remplissages fr\u00e9quents. La construction en acier galvanis\u00e9 garantit une longue dur\u00e9e de vie, m\u00eame dans des environnements ext\u00e9rieurs difficiles. Il fournit une alimentation propre et continue gr\u00e2ce \u00e0 sa conception de tr\u00e9mie, minimisant ainsi le gaspillage d'aliments.<\/p>\n<p>&nbsp;<\/p>","protected":false},"excerpt":{"rendered":"<p>Une mangeoire \u00e0 tr\u00e9mie galvanis\u00e9e de 18 kg con\u00e7ue pour une alimentation continue et hygi\u00e9nique des volailles.<\/p>\n<p>&nbsp;<\/p>","protected":false},"featured_media":6176,"comment_status":"open","ping_status":"closed","template":"","meta":{"nf_dc_page":"","om_disable_all_campaigns":false,"pagelayer_contact_templates":[],"_pagelayer_content":""},"product_brand":[],"product_cat":[88],"product_tag":[117],"class_list":{"0":"post-6175","1":"product","2":"type-product","3":"status-publish","4":"has-post-thumbnail","6":"product_cat-livestock-equipment","7":"product_tag-livestock-equipment","9":"first","10":"instock","11":"shipping-taxable","12":"purchasable","13":"product-type-simple"},"jetpack_sharing_enabled":true,"_links":{"self":[{"href":"https:\/\/staging.gajolivestock.com\/fr\/wp-json\/wp\/v2\/product\/6175","targetHints":{"allow":["GET"]}}],"collection":[{"href":"https:\/\/staging.gajolivestock.com\/fr\/wp-json\/wp\/v2\/product"}],"about":[{"href":"https:\/\/staging.gajolivestock.com\/fr\/wp-json\/wp\/v2\/types\/product"}],"replies":[{"embeddable":true,"href":"https:\/\/staging.gajolivestock.com\/fr\/wp-json\/wp\/v2\/comments?post=6175"}],"wp:featuredmedia":[{"embeddable":true,"href":"https:\/\/staging.gajolivestock.com\/fr\/wp-json\/wp\/v2\/media\/6176"}],"wp:attachment":[{"href":"https:\/\/staging.gajolivestock.com\/fr\/wp-json\/wp\/v2\/media?parent=6175"}],"wp:term":[{"taxonomy":"product_brand","embeddable":true,"href":"https:\/\/staging.gajolivestock.com\/fr\/wp-json\/wp\/v2\/product_brand?post=6175"},{"taxonomy":"product_cat","embeddable":true,"href":"https:\/\/staging.gajolivestock.com\/fr\/wp-json\/wp\/v2\/product_cat?post=6175"},{"taxonomy":"product_tag","embeddable":true,"href":"https:\/\/staging.gajolivestock.com\/fr\/wp-json\/wp\/v2\/product_tag?post=6175"}],"curies":[{"name":"wp","href":"https:\/\/api.w.org\/{rel}","templated":true}]}}