{"id":6178,"date":"2025-01-22T08:17:08","date_gmt":"2025-01-22T08:17:08","guid":{"rendered":"https:\/\/staging.gajolivestock.com\/?post_type=product&#038;p=6178"},"modified":"2025-02-01T14:59:12","modified_gmt":"2025-02-01T14:59:12","slug":"feeder","status":"publish","type":"product","link":"https:\/\/staging.gajolivestock.com\/fr\/produit\/feeder\/","title":{"rendered":"Mangeoire"},"content":{"rendered":"<p>La mangeoire de 20 kg est parfaite pour les exploitations de moyenne \u00e0 grande taille. Sa capacit\u00e9 de 20 kg permet de stocker une grande quantit\u00e9 d'aliment, r\u00e9duisant ainsi le besoin de remplissages fr\u00e9quents et assurant un approvisionnement continu \u00e0 vos volailles. Robuste et pratique, il est con\u00e7u pour fournir une alimentation propre et uniforme, minimisant ainsi le gaspillage d'aliments. Ce mod\u00e8le est id\u00e9al pour les conditions agricoles exigeantes et assure une gestion efficace des aliments.<\/p>\n<p>&nbsp;<\/p>","protected":false},"excerpt":{"rendered":"<p>Une mangeoire de 20 kg con\u00e7ue pour nourrir efficacement un grand nombre de volailles avec une grande capacit\u00e9 de stockage.<\/p>","protected":false},"featured_media":6179,"comment_status":"open","ping_status":"closed","template":"","meta":{"om_disable_all_campaigns":false,"pagelayer_contact_templates":[],"_pagelayer_content":""},"product_brand":[],"product_cat":[88],"product_tag":[117],"class_list":{"0":"post-6178","1":"product","2":"type-product","3":"status-publish","4":"has-post-thumbnail","6":"product_cat-livestock-equipment","7":"product_tag-livestock-equipment","9":"first","10":"instock","11":"shipping-taxable","12":"purchasable","13":"product-type-simple"},"jetpack_sharing_enabled":true,"_links":{"self":[{"href":"https:\/\/staging.gajolivestock.com\/fr\/wp-json\/wp\/v2\/product\/6178","targetHints":{"allow":["GET"]}}],"collection":[{"href":"https:\/\/staging.gajolivestock.com\/fr\/wp-json\/wp\/v2\/product"}],"about":[{"href":"https:\/\/staging.gajolivestock.com\/fr\/wp-json\/wp\/v2\/types\/product"}],"replies":[{"embeddable":true,"href":"https:\/\/staging.gajolivestock.com\/fr\/wp-json\/wp\/v2\/comments?post=6178"}],"wp:featuredmedia":[{"embeddable":true,"href":"https:\/\/staging.gajolivestock.com\/fr\/wp-json\/wp\/v2\/media\/6179"}],"wp:attachment":[{"href":"https:\/\/staging.gajolivestock.com\/fr\/wp-json\/wp\/v2\/media?parent=6178"}],"wp:term":[{"taxonomy":"product_brand","embeddable":true,"href":"https:\/\/staging.gajolivestock.com\/fr\/wp-json\/wp\/v2\/product_brand?post=6178"},{"taxonomy":"product_cat","embeddable":true,"href":"https:\/\/staging.gajolivestock.com\/fr\/wp-json\/wp\/v2\/product_cat?post=6178"},{"taxonomy":"product_tag","embeddable":true,"href":"https:\/\/staging.gajolivestock.com\/fr\/wp-json\/wp\/v2\/product_tag?post=6178"}],"curies":[{"name":"wp","href":"https:\/\/api.w.org\/{rel}","templated":true}]}}