{"id":6185,"date":"2025-01-22T08:31:54","date_gmt":"2025-01-22T08:31:54","guid":{"rendered":"https:\/\/staging.gajolivestock.com\/?post_type=product&#038;p=6185"},"modified":"2025-02-01T14:57:12","modified_gmt":"2025-02-01T14:57:12","slug":"infrared-radiant-heater","status":"publish","type":"product","link":"https:\/\/staging.gajolivestock.com\/fr\/produit\/infrared-radiant-heater\/","title":{"rendered":"Chauffage radiant infrarouge"},"content":{"rendered":"<p>Le radiateur radiant infrarouge utilise la technologie des ondes infrarouges pour fournir une chaleur directe et cibl\u00e9e. Contrairement aux radiateurs traditionnels, il r\u00e9chauffe directement les objets et les personnes, offrant un confort imm\u00e9diat et une consommation \u00e9nerg\u00e9tique plus efficace. Id\u00e9al pour les espaces ext\u00e9rieurs, les ateliers ou les zones n\u00e9cessitant un chauffage ponctuel, ce radiateur offre une chaleur rapide sans perte de chaleur dans l'air ambiant.<\/p>\n<p>&nbsp;<\/p>","protected":false},"excerpt":{"rendered":"<p>Un radiateur radiant infrarouge con\u00e7u pour fournir une chaleur directe et efficace en r\u00e9chauffant les objets et les personnes plut\u00f4t que l'air.<\/p>","protected":false},"featured_media":6186,"comment_status":"open","ping_status":"closed","template":"","meta":{"om_disable_all_campaigns":false,"pagelayer_contact_templates":[],"_pagelayer_content":""},"product_brand":[],"product_cat":[88],"product_tag":[117],"class_list":{"0":"post-6185","1":"product","2":"type-product","3":"status-publish","4":"has-post-thumbnail","6":"product_cat-livestock-equipment","7":"product_tag-livestock-equipment","9":"first","10":"instock","11":"shipping-taxable","12":"purchasable","13":"product-type-simple"},"jetpack_sharing_enabled":true,"_links":{"self":[{"href":"https:\/\/staging.gajolivestock.com\/fr\/wp-json\/wp\/v2\/product\/6185","targetHints":{"allow":["GET"]}}],"collection":[{"href":"https:\/\/staging.gajolivestock.com\/fr\/wp-json\/wp\/v2\/product"}],"about":[{"href":"https:\/\/staging.gajolivestock.com\/fr\/wp-json\/wp\/v2\/types\/product"}],"replies":[{"embeddable":true,"href":"https:\/\/staging.gajolivestock.com\/fr\/wp-json\/wp\/v2\/comments?post=6185"}],"wp:featuredmedia":[{"embeddable":true,"href":"https:\/\/staging.gajolivestock.com\/fr\/wp-json\/wp\/v2\/media\/6186"}],"wp:attachment":[{"href":"https:\/\/staging.gajolivestock.com\/fr\/wp-json\/wp\/v2\/media?parent=6185"}],"wp:term":[{"taxonomy":"product_brand","embeddable":true,"href":"https:\/\/staging.gajolivestock.com\/fr\/wp-json\/wp\/v2\/product_brand?post=6185"},{"taxonomy":"product_cat","embeddable":true,"href":"https:\/\/staging.gajolivestock.com\/fr\/wp-json\/wp\/v2\/product_cat?post=6185"},{"taxonomy":"product_tag","embeddable":true,"href":"https:\/\/staging.gajolivestock.com\/fr\/wp-json\/wp\/v2\/product_tag?post=6185"}],"curies":[{"name":"wp","href":"https:\/\/api.w.org\/{rel}","templated":true}]}}