{"id":6188,"date":"2025-01-22T08:43:20","date_gmt":"2025-01-22T08:43:20","guid":{"rendered":"https:\/\/staging.gajolivestock.com\/?post_type=product&#038;p=6188"},"modified":"2025-02-08T09:31:49","modified_gmt":"2025-02-08T09:31:49","slug":"round-radiant-heater","status":"publish","type":"product","link":"https:\/\/staging.gajolivestock.com\/fr\/produit\/round-radiant-heater\/","title":{"rendered":"Chauffage radiant rond"},"content":{"rendered":"<p>Le radiateur radiant rond est con\u00e7u pour r\u00e9partir la chaleur uniform\u00e9ment dans toutes les directions gr\u00e2ce \u00e0 sa forme circulaire. Il est id\u00e9al pour les espaces n\u00e9cessitant une r\u00e9partition uniforme de la chaleur, tels que les salons, les terrasses ou les ateliers. Ce mod\u00e8le assure une efficacit\u00e9 \u00e9nerg\u00e9tique optimale en chauffant directement les objets et les personnes, sans gaspiller de chaleur dans l'air. Son design compact et discret facilite son int\u00e9gration dans divers environnements.<\/p>\n<p>&nbsp;<\/p>","protected":false},"excerpt":{"rendered":"<p>Un radiateur radiant rond fournissant une chaleur uniforme et efficace pour une r\u00e9partition optimale dans l'espace.<\/p>","protected":false},"featured_media":7457,"comment_status":"open","ping_status":"closed","template":"","meta":{"om_disable_all_campaigns":false,"pagelayer_contact_templates":[],"_pagelayer_content":""},"product_brand":[],"product_cat":[88],"product_tag":[117],"class_list":{"0":"post-6188","1":"product","2":"type-product","3":"status-publish","4":"has-post-thumbnail","6":"product_cat-livestock-equipment","7":"product_tag-livestock-equipment","9":"first","10":"instock","11":"shipping-taxable","12":"purchasable","13":"product-type-simple"},"jetpack_sharing_enabled":true,"_links":{"self":[{"href":"https:\/\/staging.gajolivestock.com\/fr\/wp-json\/wp\/v2\/product\/6188","targetHints":{"allow":["GET"]}}],"collection":[{"href":"https:\/\/staging.gajolivestock.com\/fr\/wp-json\/wp\/v2\/product"}],"about":[{"href":"https:\/\/staging.gajolivestock.com\/fr\/wp-json\/wp\/v2\/types\/product"}],"replies":[{"embeddable":true,"href":"https:\/\/staging.gajolivestock.com\/fr\/wp-json\/wp\/v2\/comments?post=6188"}],"wp:featuredmedia":[{"embeddable":true,"href":"https:\/\/staging.gajolivestock.com\/fr\/wp-json\/wp\/v2\/media\/7457"}],"wp:attachment":[{"href":"https:\/\/staging.gajolivestock.com\/fr\/wp-json\/wp\/v2\/media?parent=6188"}],"wp:term":[{"taxonomy":"product_brand","embeddable":true,"href":"https:\/\/staging.gajolivestock.com\/fr\/wp-json\/wp\/v2\/product_brand?post=6188"},{"taxonomy":"product_cat","embeddable":true,"href":"https:\/\/staging.gajolivestock.com\/fr\/wp-json\/wp\/v2\/product_cat?post=6188"},{"taxonomy":"product_tag","embeddable":true,"href":"https:\/\/staging.gajolivestock.com\/fr\/wp-json\/wp\/v2\/product_tag?post=6188"}],"curies":[{"name":"wp","href":"https:\/\/api.w.org\/{rel}","templated":true}]}}