{"id":6194,"date":"2025-01-22T09:12:49","date_gmt":"2025-01-22T09:12:49","guid":{"rendered":"https:\/\/staging.gajolivestock.com\/?post_type=product&#038;p=6194"},"modified":"2025-02-01T14:52:39","modified_gmt":"2025-02-01T14:52:39","slug":"drinker-syringe","status":"publish","type":"product","link":"https:\/\/staging.gajolivestock.com\/fr\/produit\/drinker-syringe\/","title":{"rendered":"Seringue abreuvoir"},"content":{"rendered":"<p>La seringue abreuvoir de 60 ml est un outil pratique pour l'administration pr\u00e9cise de m\u00e9dicaments ou de liquides aux animaux. Avec sa grande contenance de 60 ml, il permet un traitement efficace des animaux de taille moyenne \u00e0 grande. Id\u00e9al pour les traitements v\u00e9t\u00e9rinaires, il offre une facilit\u00e9 d\u2019utilisation et un contr\u00f4le optimal du dosage. Sa conception robuste et sa capacit\u00e9 \u00e0 d\u00e9livrer des doses plus importantes en font un outil essentiel pour les applications v\u00e9t\u00e9rinaires ou agricoles.<\/p>\n<p>&nbsp;<\/p>","protected":false},"excerpt":{"rendered":"<p>Une seringue de 60 ml con\u00e7ue pour administrer des m\u00e9dicaments ou des liquides aux animaux, id\u00e9ale pour les traitements v\u00e9t\u00e9rinaires.<\/p>\n<p>&nbsp;<\/p>","protected":false},"featured_media":6195,"comment_status":"open","ping_status":"closed","template":"","meta":{"om_disable_all_campaigns":false,"pagelayer_contact_templates":[],"_pagelayer_content":""},"product_brand":[],"product_cat":[88],"product_tag":[117],"class_list":{"0":"post-6194","1":"product","2":"type-product","3":"status-publish","4":"has-post-thumbnail","6":"product_cat-livestock-equipment","7":"product_tag-livestock-equipment","9":"first","10":"instock","11":"shipping-taxable","12":"purchasable","13":"product-type-simple"},"jetpack_sharing_enabled":true,"_links":{"self":[{"href":"https:\/\/staging.gajolivestock.com\/fr\/wp-json\/wp\/v2\/product\/6194","targetHints":{"allow":["GET"]}}],"collection":[{"href":"https:\/\/staging.gajolivestock.com\/fr\/wp-json\/wp\/v2\/product"}],"about":[{"href":"https:\/\/staging.gajolivestock.com\/fr\/wp-json\/wp\/v2\/types\/product"}],"replies":[{"embeddable":true,"href":"https:\/\/staging.gajolivestock.com\/fr\/wp-json\/wp\/v2\/comments?post=6194"}],"wp:featuredmedia":[{"embeddable":true,"href":"https:\/\/staging.gajolivestock.com\/fr\/wp-json\/wp\/v2\/media\/6195"}],"wp:attachment":[{"href":"https:\/\/staging.gajolivestock.com\/fr\/wp-json\/wp\/v2\/media?parent=6194"}],"wp:term":[{"taxonomy":"product_brand","embeddable":true,"href":"https:\/\/staging.gajolivestock.com\/fr\/wp-json\/wp\/v2\/product_brand?post=6194"},{"taxonomy":"product_cat","embeddable":true,"href":"https:\/\/staging.gajolivestock.com\/fr\/wp-json\/wp\/v2\/product_cat?post=6194"},{"taxonomy":"product_tag","embeddable":true,"href":"https:\/\/staging.gajolivestock.com\/fr\/wp-json\/wp\/v2\/product_tag?post=6194"}],"curies":[{"name":"wp","href":"https:\/\/api.w.org\/{rel}","templated":true}]}}