{"id":6207,"date":"2025-01-22T10:03:27","date_gmt":"2025-01-22T10:03:27","guid":{"rendered":"https:\/\/staging.gajolivestock.com\/?post_type=product&#038;p=6207"},"modified":"2025-02-01T14:43:46","modified_gmt":"2025-02-01T14:43:46","slug":"revolroux-syringe","status":"publish","type":"product","link":"https:\/\/staging.gajolivestock.com\/fr\/produit\/revolroux-syringe\/","title":{"rendered":"Seringue Revolroux"},"content":{"rendered":"<p>La seringue Revolroux 50 ml est con\u00e7ue pour les applications v\u00e9t\u00e9rinaires et agricoles n\u00e9cessitant l'administration de fortes doses. Avec sa contenance de 50 ml, il traite efficacement les animaux de moyenne \u00e0 grande taille. Fabriqu\u00e9 \u00e0 partir de mat\u00e9riaux durables, il assure une administration pr\u00e9cise et contr\u00f4l\u00e9e de m\u00e9dicaments ou de liquides. Cette seringue est id\u00e9ale pour les traitements \u00e0 grande \u00e9chelle, offrant une prise en main confortable et un dosage optimal.<\/p>\n<p>&nbsp;<\/p>","protected":false},"excerpt":{"rendered":"<p>Une seringue Revolroux de 50 ml, id\u00e9ale pour administrer de fortes doses de m\u00e9dicaments ou de liquides en soins v\u00e9t\u00e9rinaires et agricoles.<\/p>","protected":false},"featured_media":6209,"comment_status":"open","ping_status":"closed","template":"","meta":{"om_disable_all_campaigns":false,"pagelayer_contact_templates":[],"_pagelayer_content":""},"product_brand":[],"product_cat":[88],"product_tag":[117],"class_list":{"0":"post-6207","1":"product","2":"type-product","3":"status-publish","4":"has-post-thumbnail","6":"product_cat-livestock-equipment","7":"product_tag-livestock-equipment","9":"first","10":"instock","11":"shipping-taxable","12":"purchasable","13":"product-type-simple"},"jetpack_sharing_enabled":true,"_links":{"self":[{"href":"https:\/\/staging.gajolivestock.com\/fr\/wp-json\/wp\/v2\/product\/6207","targetHints":{"allow":["GET"]}}],"collection":[{"href":"https:\/\/staging.gajolivestock.com\/fr\/wp-json\/wp\/v2\/product"}],"about":[{"href":"https:\/\/staging.gajolivestock.com\/fr\/wp-json\/wp\/v2\/types\/product"}],"replies":[{"embeddable":true,"href":"https:\/\/staging.gajolivestock.com\/fr\/wp-json\/wp\/v2\/comments?post=6207"}],"wp:featuredmedia":[{"embeddable":true,"href":"https:\/\/staging.gajolivestock.com\/fr\/wp-json\/wp\/v2\/media\/6209"}],"wp:attachment":[{"href":"https:\/\/staging.gajolivestock.com\/fr\/wp-json\/wp\/v2\/media?parent=6207"}],"wp:term":[{"taxonomy":"product_brand","embeddable":true,"href":"https:\/\/staging.gajolivestock.com\/fr\/wp-json\/wp\/v2\/product_brand?post=6207"},{"taxonomy":"product_cat","embeddable":true,"href":"https:\/\/staging.gajolivestock.com\/fr\/wp-json\/wp\/v2\/product_cat?post=6207"},{"taxonomy":"product_tag","embeddable":true,"href":"https:\/\/staging.gajolivestock.com\/fr\/wp-json\/wp\/v2\/product_tag?post=6207"}],"curies":[{"name":"wp","href":"https:\/\/api.w.org\/{rel}","templated":true}]}}