{"id":6211,"date":"2025-01-22T10:31:57","date_gmt":"2025-01-22T10:31:57","guid":{"rendered":"https:\/\/staging.gajolivestock.com\/?post_type=product&#038;p=6211"},"modified":"2025-02-01T14:43:45","modified_gmt":"2025-02-01T14:43:45","slug":"socorex-syringe","status":"publish","type":"product","link":"https:\/\/staging.gajolivestock.com\/fr\/produit\/socorex-syringe\/","title":{"rendered":"Seringue Socorex"},"content":{"rendered":"<p>La seringue Socorex 0,5 ml est un instrument de pr\u00e9cision con\u00e7u pour des administrations tr\u00e8s cibl\u00e9es. Sa petite capacit\u00e9 permet d'administrer des doses minimales de m\u00e9dicaments ou de liquides, parfaites pour les traitements n\u00e9cessitant une grande pr\u00e9cision, comme les injections sous-cutan\u00e9es ou les soins aux petits animaux. Fabriqu\u00e9 \u00e0 partir de mat\u00e9riaux de haute qualit\u00e9, il est facile \u00e0 utiliser et garantit une administration sans erreur pour les v\u00e9t\u00e9rinaires et les soignants.<\/p>\n<p>&nbsp;<\/p>","protected":false},"excerpt":{"rendered":"<p>Une seringue Socorex de 0,5 ml, id\u00e9ale pour les injections ou l'administration de petites quantit\u00e9s de m\u00e9dicaments avec une grande pr\u00e9cision.<\/p>","protected":false},"featured_media":6212,"comment_status":"open","ping_status":"closed","template":"","meta":{"nf_dc_page":"","om_disable_all_campaigns":false,"pagelayer_contact_templates":[],"_pagelayer_content":""},"product_brand":[],"product_cat":[88],"product_tag":[117],"class_list":{"0":"post-6211","1":"product","2":"type-product","3":"status-publish","4":"has-post-thumbnail","6":"product_cat-livestock-equipment","7":"product_tag-livestock-equipment","9":"first","10":"instock","11":"shipping-taxable","12":"purchasable","13":"product-type-simple"},"jetpack_sharing_enabled":true,"_links":{"self":[{"href":"https:\/\/staging.gajolivestock.com\/fr\/wp-json\/wp\/v2\/product\/6211","targetHints":{"allow":["GET"]}}],"collection":[{"href":"https:\/\/staging.gajolivestock.com\/fr\/wp-json\/wp\/v2\/product"}],"about":[{"href":"https:\/\/staging.gajolivestock.com\/fr\/wp-json\/wp\/v2\/types\/product"}],"replies":[{"embeddable":true,"href":"https:\/\/staging.gajolivestock.com\/fr\/wp-json\/wp\/v2\/comments?post=6211"}],"wp:featuredmedia":[{"embeddable":true,"href":"https:\/\/staging.gajolivestock.com\/fr\/wp-json\/wp\/v2\/media\/6212"}],"wp:attachment":[{"href":"https:\/\/staging.gajolivestock.com\/fr\/wp-json\/wp\/v2\/media?parent=6211"}],"wp:term":[{"taxonomy":"product_brand","embeddable":true,"href":"https:\/\/staging.gajolivestock.com\/fr\/wp-json\/wp\/v2\/product_brand?post=6211"},{"taxonomy":"product_cat","embeddable":true,"href":"https:\/\/staging.gajolivestock.com\/fr\/wp-json\/wp\/v2\/product_cat?post=6211"},{"taxonomy":"product_tag","embeddable":true,"href":"https:\/\/staging.gajolivestock.com\/fr\/wp-json\/wp\/v2\/product_tag?post=6211"}],"curies":[{"name":"wp","href":"https:\/\/api.w.org\/{rel}","templated":true}]}}