{"id":6223,"date":"2025-01-22T10:48:27","date_gmt":"2025-01-22T10:48:27","guid":{"rendered":"https:\/\/staging.gajolivestock.com\/?post_type=product&#038;p=6223"},"modified":"2025-02-01T14:36:48","modified_gmt":"2025-02-01T14:36:48","slug":"uu-20cc-syringe","status":"publish","type":"product","link":"https:\/\/staging.gajolivestock.com\/fr\/produit\/uu-20cc-syringe\/","title":{"rendered":"Seringue UU 20cc"},"content":{"rendered":"<p>La seringue UU 20cc est con\u00e7ue pour permettre une administration pr\u00e9cise et contr\u00f4l\u00e9e de m\u00e9dicaments ou de liquides. Sa capacit\u00e9 de 20 cc le rend adapt\u00e9 au traitement des animaux de taille moyenne \u00e0 grande ou aux applications n\u00e9cessitant des doses plus importantes. Fabriqu\u00e9 \u00e0 partir de mat\u00e9riaux durables, il garantit une manipulation confortable et une utilisation durable. Cette seringue est un outil indispensable en milieu v\u00e9t\u00e9rinaire, m\u00e9dical ou agricole.<\/p>\n<p>&nbsp;<\/p>","protected":false},"excerpt":{"rendered":"<p>Une seringue UU 20cc, parfaite pour administrer des m\u00e9dicaments ou des liquides en soins v\u00e9t\u00e9rinaires ou m\u00e9dicaux.<\/p>","protected":false},"featured_media":6224,"comment_status":"open","ping_status":"closed","template":"","meta":{"om_disable_all_campaigns":false,"pagelayer_contact_templates":[],"_pagelayer_content":""},"product_brand":[],"product_cat":[88],"product_tag":[117],"class_list":{"0":"post-6223","1":"product","2":"type-product","3":"status-publish","4":"has-post-thumbnail","6":"product_cat-livestock-equipment","7":"product_tag-livestock-equipment","9":"first","10":"instock","11":"shipping-taxable","12":"purchasable","13":"product-type-simple"},"jetpack_sharing_enabled":true,"_links":{"self":[{"href":"https:\/\/staging.gajolivestock.com\/fr\/wp-json\/wp\/v2\/product\/6223","targetHints":{"allow":["GET"]}}],"collection":[{"href":"https:\/\/staging.gajolivestock.com\/fr\/wp-json\/wp\/v2\/product"}],"about":[{"href":"https:\/\/staging.gajolivestock.com\/fr\/wp-json\/wp\/v2\/types\/product"}],"replies":[{"embeddable":true,"href":"https:\/\/staging.gajolivestock.com\/fr\/wp-json\/wp\/v2\/comments?post=6223"}],"wp:featuredmedia":[{"embeddable":true,"href":"https:\/\/staging.gajolivestock.com\/fr\/wp-json\/wp\/v2\/media\/6224"}],"wp:attachment":[{"href":"https:\/\/staging.gajolivestock.com\/fr\/wp-json\/wp\/v2\/media?parent=6223"}],"wp:term":[{"taxonomy":"product_brand","embeddable":true,"href":"https:\/\/staging.gajolivestock.com\/fr\/wp-json\/wp\/v2\/product_brand?post=6223"},{"taxonomy":"product_cat","embeddable":true,"href":"https:\/\/staging.gajolivestock.com\/fr\/wp-json\/wp\/v2\/product_cat?post=6223"},{"taxonomy":"product_tag","embeddable":true,"href":"https:\/\/staging.gajolivestock.com\/fr\/wp-json\/wp\/v2\/product_tag?post=6223"}],"curies":[{"name":"wp","href":"https:\/\/api.w.org\/{rel}","templated":true}]}}