{"id":6393,"date":"2025-01-22T16:32:39","date_gmt":"2025-01-22T16:32:39","guid":{"rendered":"https:\/\/staging.gajolivestock.com\/?post_type=product&#038;p=6393"},"modified":"2025-02-01T14:36:46","modified_gmt":"2025-02-01T14:36:46","slug":"geniaplex-2cc-syringe","status":"publish","type":"product","link":"https:\/\/staging.gajolivestock.com\/fr\/produit\/geniaplex-2cc-syringe\/","title":{"rendered":"Seringue Geniaplex 2 ml"},"content":{"rendered":"<p>La seringue Geniaplex 2cc est un outil de haute pr\u00e9cision, id\u00e9al pour administrer de petites doses de m\u00e9dicaments ou de liquides. Con\u00e7u pour les soins v\u00e9t\u00e9rinaires ou m\u00e9dicaux, il assure un dosage pr\u00e9cis et une manipulation ais\u00e9e. Sa capacit\u00e9 de 2cc est adapt\u00e9e aux traitements n\u00e9cessitant des quantit\u00e9s minimes, comme les injections pour les petits animaux ou les actes m\u00e9dicaux d\u00e9licats. Fabriqu\u00e9e \u00e0 partir de mat\u00e9riaux de qualit\u00e9, cette seringue allie durabilit\u00e9 et confort d\u2019utilisation.<\/p>\n<p>&nbsp;<\/p>","protected":false},"excerpt":{"rendered":"<p>Une seringue Geniaplex 2cc, con\u00e7ue pour des injections pr\u00e9cises et fiables en soins v\u00e9t\u00e9rinaires ou m\u00e9dicaux.<\/p>","protected":false},"featured_media":6394,"comment_status":"open","ping_status":"closed","template":"","meta":{"nf_dc_page":"","om_disable_all_campaigns":false,"pagelayer_contact_templates":[],"_pagelayer_content":""},"product_brand":[],"product_cat":[88],"product_tag":[117],"class_list":{"0":"post-6393","1":"product","2":"type-product","3":"status-publish","4":"has-post-thumbnail","6":"product_cat-livestock-equipment","7":"product_tag-livestock-equipment","9":"first","10":"instock","11":"shipping-taxable","12":"purchasable","13":"product-type-simple"},"jetpack_sharing_enabled":true,"_links":{"self":[{"href":"https:\/\/staging.gajolivestock.com\/fr\/wp-json\/wp\/v2\/product\/6393","targetHints":{"allow":["GET"]}}],"collection":[{"href":"https:\/\/staging.gajolivestock.com\/fr\/wp-json\/wp\/v2\/product"}],"about":[{"href":"https:\/\/staging.gajolivestock.com\/fr\/wp-json\/wp\/v2\/types\/product"}],"replies":[{"embeddable":true,"href":"https:\/\/staging.gajolivestock.com\/fr\/wp-json\/wp\/v2\/comments?post=6393"}],"wp:featuredmedia":[{"embeddable":true,"href":"https:\/\/staging.gajolivestock.com\/fr\/wp-json\/wp\/v2\/media\/6394"}],"wp:attachment":[{"href":"https:\/\/staging.gajolivestock.com\/fr\/wp-json\/wp\/v2\/media?parent=6393"}],"wp:term":[{"taxonomy":"product_brand","embeddable":true,"href":"https:\/\/staging.gajolivestock.com\/fr\/wp-json\/wp\/v2\/product_brand?post=6393"},{"taxonomy":"product_cat","embeddable":true,"href":"https:\/\/staging.gajolivestock.com\/fr\/wp-json\/wp\/v2\/product_cat?post=6393"},{"taxonomy":"product_tag","embeddable":true,"href":"https:\/\/staging.gajolivestock.com\/fr\/wp-json\/wp\/v2\/product_tag?post=6393"}],"curies":[{"name":"wp","href":"https:\/\/api.w.org\/{rel}","templated":true}]}}